{"id":2368,"date":"2022-01-31T17:13:57","date_gmt":"2022-01-31T17:13:57","guid":{"rendered":"https:\/\/le-prieure.net\/ueber-uns\/"},"modified":"2026-04-01T14:25:22","modified_gmt":"2026-04-01T14:25:22","slug":"ueber-uns","status":"publish","type":"page","link":"https:\/\/le-prieure.net\/de\/ueber-uns\/","title":{"rendered":"\u00dcber uns"},"content":{"rendered":"\n<div class=\"et_pb_section_0 et_pb_section et_section_regular et_block_section\"><div class=\"et_pb_row_0 et_pb_row et_block_row\"><div class=\"et_pb_column_0 et_pb_column et_pb_column_4_4 et-last-child et_block_column et_pb_css_mix_blend_mode_passthrough\"><div class=\"et_pb_text_0 et_pb_text et_pb_bg_layout_light et_animated et_pb_module et_block_module\"><div class=\"et_pb_text_inner\"><h5>Information<\/h5>\n<h1>\u00dcber uns<br \/>& our home<\/h1>\n<\/div><\/div><\/div><\/div><\/div><div class=\"et_pb_section_1 et_pb_section et_section_regular et_block_section\"><div class=\"et_pb_row_1 et_pb_row et_block_row\"><div class=\"et_pb_column_1 et_pb_column et_pb_column_4_4 et-last-child et_block_column et_pb_css_mix_blend_mode_passthrough\"><div class=\"et_pb_text_1 et_pb_text et_pb_bg_layout_light et_pb_module et_block_module et_pb_text_align_center\"><div class=\"et_pb_text_inner\"><h2>Die Geschichte<\/h2>\n<\/div><\/div><\/div><\/div><div class=\"et_pb_row_2 et_pb_row et_block_row\"><div class=\"et_pb_column_2 et_pb_column et_pb_column_1_2 et_block_column et_pb_css_mix_blend_mode_passthrough\"><div class=\"et_pb_text_2 et_pb_text et_pb_bg_layout_light et_pb_module et_block_module\"><div class=\"et_pb_text_inner\"><p><em>Als wir im April 2001 vor der imposanten Fassade von Le Prieur\u00e9 standen, waren wir sofort begeistert.<\/em><\/p>\n<p><em>Es war Liebe auf den ersten Blick, obwohl wir auch sehen konnten, dass die Zeit ihre Spuren hinterlassen hatte und das Ensemble viel Arbeit ben\u00f6tigte. Wir haben es schlie\u00dflich geschafft, es in einen Ort zu verwandeln, an dem unsere G\u00e4ste die Ruhe, den Raum und die Sch\u00f6nheit, die Le Prieur\u00e9 zu bieten hat, genie\u00dfen k\u00f6nnen.<\/em><\/p>\n<p><em>Wir lieben die Weite, die Ruhe und das Leben in Frankreich, das wir zusammen mit unseren beiden Hunden Yara und Bliss, unseren Katzen Siem und Soofie fund unserem alten Pferd Tim jeden Tag genie\u00dfen.<\/em><\/p>\n<\/div><\/div><\/div><div class=\"et_pb_column_3 et_pb_column et_pb_column_1_2 et-last-child et_block_column et_pb_css_mix_blend_mode_passthrough\"><div class=\"et_pb_image_0 et_pb_image et_pb_module et_block_module\"><span class=\"et_pb_image_wrap\"><img loading=\"lazy\" decoding=\"async\" src=\"https:\/\/le-prieure.net\/wp-content\/uploads\/2023\/01\/saskia-and-martin-landman-owners-le-prieure.jpg\" width=\"750\" height=\"500\" srcset=\"https:\/\/le-prieure.net\/wp-content\/uploads\/2023\/01\/saskia-and-martin-landman-owners-le-prieure.jpg 750w, https:\/\/le-prieure.net\/wp-content\/uploads\/2023\/01\/saskia-and-martin-landman-owners-le-prieure-480x320.jpg 480w\" sizes=\"(min-width: 0px) and (max-width: 480px) 480px, (min-width: 481px) 750px, 100vw\" class=\"wp-image-1636\" title=\"about-L1-0-w750\" \/><\/span><\/div><\/div><\/div><\/div><div class=\"et_pb_section_2 et_pb_section et_section_regular et_block_section\"><div class=\"et_pb_row_3 et_pb_row et_pb_row_1-2_1-6_1-6_1-6 et_block_row et_block_row_1-2_1-6_1-6_1-6\"><div class=\"et_pb_column_4 et_pb_column et_pb_column_1_2 et_block_column et_pb_css_mix_blend_mode_passthrough\"><div class=\"et_pb_text_3 et_pb_text et_pb_bg_layout_dark et_pb_module et_block_module\"><div class=\"et_pb_text_inner\"><h2>Unterk\u00fcnfte & Aufenthalt<\/h2>\n<\/div><\/div><\/div><div class=\"et_pb_column_5 et_pb_column et_pb_column_1_6 et_block_column et_pb_css_mix_blend_mode_passthrough\"><div class=\"et_pb_number_counter_0 et_pb_number_counter et_pb_bg_layout_dark et_pb_text_align_center et_pb_with_title et_pb_module et_block_module\"><div class=\"percent\"><p><span class=\"percent-value\"><\/span><span class=\"percent-sign\"><\/span><\/p><\/div><h3 class=\"title\">Zimmer<\/h3><\/div><\/div><div class=\"et_pb_column_6 et_pb_column et_pb_column_1_6 et_block_column et_pb_css_mix_blend_mode_passthrough\"><div class=\"et_pb_number_counter_1 et_pb_number_counter et_pb_bg_layout_dark et_pb_text_align_center et_pb_with_title et_pb_module et_block_module\"><div class=\"percent\"><p><span class=\"percent-value\"><\/span><span class=\"percent-sign\"><\/span><\/p><\/div><h3 class=\"title\">G\u00eetes<\/h3><\/div><\/div><div class=\"et_pb_column_7 et_pb_column et_pb_column_1_6 et-last-child et_block_column et_pb_css_mix_blend_mode_passthrough\"><div class=\"et_pb_number_counter_2 et_pb_number_counter et_pb_bg_layout_dark et_pb_text_align_center et_pb_with_title et_pb_module et_block_module\"><div class=\"percent\"><p><span class=\"percent-value\"><\/span><span class=\"percent-sign\"><\/span><\/p><\/div><h3 class=\"title\">G\u00e4ste<\/h3><\/div><\/div><\/div><\/div><div class=\"et_pb_section_3 et_pb_section et_section_regular et_block_section\"><div class=\"et_pb_row_4 et_pb_row et_block_row\"><div class=\"et_pb_column_8 et_pb_column et_pb_column_4_4 et-last-child et_block_column et_pb_css_mix_blend_mode_passthrough\"><div class=\"et_pb_text_4 et_pb_text et_pb_bg_layout_light et_pb_module et_block_module et_pb_text_align_center\"><div class=\"et_pb_text_inner\"><h3><strong>Erleben Sie die Ruhe in unserem kleinen Paradies<\/strong><\/h3>\n<p>Die drei voll ausgestatteten <a href=\"https:\/\/le-prieure.net\/de\/gites\/\">Ferienh\u00e4user<\/a> befinden sich inmitten der Blumenbeete im Garten<a href=\"https:\/\/le-prieure.net\/de\/gites\/\">.\u00a0<\/a><a href=\"https:\/\/le-prieure.net\/de\/gites\/la-ferme\/\"><b>La Ferme <\/b><\/a>ist das \u00e4lteste Geb\u00e4ude in <strong>Le Prieur\u00e9<\/strong>. Dieses Selbstversorgerhaus bietet einen direkten Zugang zur Kapelle und ein luxuri\u00f6ses Hauptschlafzimmer. <a href=\"https:\/\/le-prieure.net\/de\/gites\/atelier\"><b>L'Atelier<\/b><\/a> hat eine private Terrasse und Blick auf den Innenhof.\u00a0<a href=\"https:\/\/le-prieure.net\/de\/gites\/le-pavillon\"><b>Le Pavillon<\/b><\/a> ist ein gem\u00fctliches Ferienhaus mit voll ausgestatteter K\u00fcche und einer Terrasse, die im Schatten zweier Feigenb\u00e4ume liegt.<\/p>\n<p>Das Hauptgeb\u00e4ude bietet vier ger\u00e4umige und einzigartige <a href=\"https:\/\/le-prieure.net\/de\/zimmer\/\"><b>G\u00e4stezimmer<\/b><\/a>. Jedes Zimmer der Fr\u00fchst\u00fcckspension <strong>Le Prieur\u00e9<\/strong> hat einen ganz eigenen Charakter. Es gibt ein Ferienzimmer mit eigenem Bad und gro\u00dfer privater Terrasse und drei G\u00e4stezimmer mit eigenem Bad.<\/p>\n<p>Zum Ausgehen gibt es in der Dordogne eine Vielzahl von M\u00f6glichkeiten, vor allem in Souillac und den umliegenden St\u00e4dten Sarlat, Domme, Beynac und der Klosterstadt Rocamadour.<\/p>\n<\/div><\/div><\/div><\/div><\/div>\n","protected":false},"excerpt":{"rendered":"","protected":false},"author":1,"featured_media":0,"parent":0,"menu_order":60,"comment_status":"closed","ping_status":"closed","template":"","meta":{"footnotes":""},"class_list":["post-2368","page","type-page","status-publish","hentry"],"yoast_head":"<!-- This site is optimized with the Yoast SEO plugin v27.3 - https:\/\/yoast.com\/product\/yoast-seo-wordpress\/ -->\n<title>\u00dcber uns - Le Prieure<\/title>\n<meta name=\"robots\" content=\"index, follow, max-snippet:-1, max-image-preview:large, max-video-preview:-1\" \/>\n<link rel=\"canonical\" href=\"https:\/\/le-prieure.net\/de\/ueber-uns\/\" \/>\n<meta property=\"og:locale\" content=\"de_DE\" \/>\n<meta property=\"og:type\" content=\"article\" \/>\n<meta property=\"og:title\" content=\"\u00dcber uns - Le Prieure\" \/>\n<meta property=\"og:url\" content=\"https:\/\/le-prieure.net\/de\/ueber-uns\/\" \/>\n<meta property=\"og:site_name\" content=\"Le Prieure\" \/>\n<meta property=\"article:publisher\" content=\"http:\/\/www.facebook.com\/pages\/Le-Prieur\/121438661222347?ref=hl\" \/>\n<meta property=\"article:modified_time\" content=\"2026-04-01T14:25:22+00:00\" \/>\n<meta name=\"twitter:card\" content=\"summary_large_image\" \/>\n<meta name=\"twitter:site\" content=\"@leprieure1\" \/>\n<script type=\"application\/ld+json\" class=\"yoast-schema-graph\">{\"@context\":\"https:\\\/\\\/schema.org\",\"@graph\":[{\"@type\":\"WebPage\",\"@id\":\"https:\\\/\\\/le-prieure.net\\\/de\\\/ueber-uns\\\/\",\"url\":\"https:\\\/\\\/le-prieure.net\\\/de\\\/ueber-uns\\\/\",\"name\":\"\u00dcber uns - Le Prieure\",\"isPartOf\":{\"@id\":\"https:\\\/\\\/le-prieure.net\\\/de\\\/#website\"},\"datePublished\":\"2022-01-31T17:13:57+00:00\",\"dateModified\":\"2026-04-01T14:25:22+00:00\",\"breadcrumb\":{\"@id\":\"https:\\\/\\\/le-prieure.net\\\/de\\\/ueber-uns\\\/#breadcrumb\"},\"inLanguage\":\"de\",\"potentialAction\":[{\"@type\":\"ReadAction\",\"target\":[\"https:\\\/\\\/le-prieure.net\\\/de\\\/ueber-uns\\\/\"]}]},{\"@type\":\"BreadcrumbList\",\"@id\":\"https:\\\/\\\/le-prieure.net\\\/de\\\/ueber-uns\\\/#breadcrumb\",\"itemListElement\":[{\"@type\":\"ListItem\",\"position\":1,\"name\":\"Home\",\"item\":\"https:\\\/\\\/le-prieure.net\\\/de\\\/\"},{\"@type\":\"ListItem\",\"position\":2,\"name\":\"\u00dcber uns\"}]},{\"@type\":\"WebSite\",\"@id\":\"https:\\\/\\\/le-prieure.net\\\/de\\\/#website\",\"url\":\"https:\\\/\\\/le-prieure.net\\\/de\\\/\",\"name\":\"Souillac Bed & Breakfast, Holiday Cottages, Gites, le Prieur\u00e9, Dordogne\",\"description\":\"Bed & Breakfast und Ferienh\u00e4user in Lot \\\/ Dordogne Frankreich \",\"publisher\":{\"@id\":\"https:\\\/\\\/le-prieure.net\\\/de\\\/#organization\"},\"potentialAction\":[{\"@type\":\"SearchAction\",\"target\":{\"@type\":\"EntryPoint\",\"urlTemplate\":\"https:\\\/\\\/le-prieure.net\\\/de\\\/?s={search_term_string}\"},\"query-input\":{\"@type\":\"PropertyValueSpecification\",\"valueRequired\":true,\"valueName\":\"search_term_string\"}}],\"inLanguage\":\"de\"},{\"@type\":\"Organization\",\"@id\":\"https:\\\/\\\/le-prieure.net\\\/de\\\/#organization\",\"name\":\"Le Prieur\u00e9\",\"url\":\"https:\\\/\\\/le-prieure.net\\\/de\\\/\",\"logo\":{\"@type\":\"ImageObject\",\"inLanguage\":\"de\",\"@id\":\"https:\\\/\\\/le-prieure.net\\\/de\\\/#\\\/schema\\\/logo\\\/image\\\/\",\"url\":\"https:\\\/\\\/le-prieure.net\\\/wp-content\\\/uploads\\\/2022\\\/01\\\/leprieure.gif\",\"contentUrl\":\"https:\\\/\\\/le-prieure.net\\\/wp-content\\\/uploads\\\/2022\\\/01\\\/leprieure.gif\",\"width\":341,\"height\":55,\"caption\":\"Le Prieur\u00e9\"},\"image\":{\"@id\":\"https:\\\/\\\/le-prieure.net\\\/de\\\/#\\\/schema\\\/logo\\\/image\\\/\"},\"sameAs\":[\"http:\\\/\\\/www.facebook.com\\\/pages\\\/Le-Prieur\\\/121438661222347?ref=hl\",\"https:\\\/\\\/x.com\\\/leprieure1\",\"http:\\\/\\\/pinterest.com\\\/leprieure\\\/\"]}]}<\/script>\n<!-- \/ Yoast SEO plugin. -->","yoast_head_json":{"title":"\u00dcber uns - Le Prieure","robots":{"index":"index","follow":"follow","max-snippet":"max-snippet:-1","max-image-preview":"max-image-preview:large","max-video-preview":"max-video-preview:-1"},"canonical":"https:\/\/le-prieure.net\/de\/ueber-uns\/","og_locale":"de_DE","og_type":"article","og_title":"\u00dcber uns - Le Prieure","og_url":"https:\/\/le-prieure.net\/de\/ueber-uns\/","og_site_name":"Le Prieure","article_publisher":"http:\/\/www.facebook.com\/pages\/Le-Prieur\/121438661222347?ref=hl","article_modified_time":"2026-04-01T14:25:22+00:00","twitter_card":"summary_large_image","twitter_site":"@leprieure1","schema":{"@context":"https:\/\/schema.org","@graph":[{"@type":"WebPage","@id":"https:\/\/le-prieure.net\/de\/ueber-uns\/","url":"https:\/\/le-prieure.net\/de\/ueber-uns\/","name":"\u00dcber uns - Le Prieure","isPartOf":{"@id":"https:\/\/le-prieure.net\/de\/#website"},"datePublished":"2022-01-31T17:13:57+00:00","dateModified":"2026-04-01T14:25:22+00:00","breadcrumb":{"@id":"https:\/\/le-prieure.net\/de\/ueber-uns\/#breadcrumb"},"inLanguage":"de","potentialAction":[{"@type":"ReadAction","target":["https:\/\/le-prieure.net\/de\/ueber-uns\/"]}]},{"@type":"BreadcrumbList","@id":"https:\/\/le-prieure.net\/de\/ueber-uns\/#breadcrumb","itemListElement":[{"@type":"ListItem","position":1,"name":"Home","item":"https:\/\/le-prieure.net\/de\/"},{"@type":"ListItem","position":2,"name":"\u00dcber uns"}]},{"@type":"WebSite","@id":"https:\/\/le-prieure.net\/de\/#website","url":"https:\/\/le-prieure.net\/de\/","name":"Souillac Bed & Breakfast, Holiday Cottages, Gites, le Prieur\u00e9, Dordogne","description":"Bed & Breakfast und Ferienh\u00e4user in Lot \/ Dordogne Frankreich ","publisher":{"@id":"https:\/\/le-prieure.net\/de\/#organization"},"potentialAction":[{"@type":"SearchAction","target":{"@type":"EntryPoint","urlTemplate":"https:\/\/le-prieure.net\/de\/?s={search_term_string}"},"query-input":{"@type":"PropertyValueSpecification","valueRequired":true,"valueName":"search_term_string"}}],"inLanguage":"de"},{"@type":"Organization","@id":"https:\/\/le-prieure.net\/de\/#organization","name":"Le Prieur\u00e9","url":"https:\/\/le-prieure.net\/de\/","logo":{"@type":"ImageObject","inLanguage":"de","@id":"https:\/\/le-prieure.net\/de\/#\/schema\/logo\/image\/","url":"https:\/\/le-prieure.net\/wp-content\/uploads\/2022\/01\/leprieure.gif","contentUrl":"https:\/\/le-prieure.net\/wp-content\/uploads\/2022\/01\/leprieure.gif","width":341,"height":55,"caption":"Le Prieur\u00e9"},"image":{"@id":"https:\/\/le-prieure.net\/de\/#\/schema\/logo\/image\/"},"sameAs":["http:\/\/www.facebook.com\/pages\/Le-Prieur\/121438661222347?ref=hl","https:\/\/x.com\/leprieure1","http:\/\/pinterest.com\/leprieure\/"]}]}},"_links":{"self":[{"href":"https:\/\/le-prieure.net\/de\/wp-json\/wp\/v2\/pages\/2368","targetHints":{"allow":["GET"]}}],"collection":[{"href":"https:\/\/le-prieure.net\/de\/wp-json\/wp\/v2\/pages"}],"about":[{"href":"https:\/\/le-prieure.net\/de\/wp-json\/wp\/v2\/types\/page"}],"author":[{"embeddable":true,"href":"https:\/\/le-prieure.net\/de\/wp-json\/wp\/v2\/users\/1"}],"replies":[{"embeddable":true,"href":"https:\/\/le-prieure.net\/de\/wp-json\/wp\/v2\/comments?post=2368"}],"version-history":[{"count":1,"href":"https:\/\/le-prieure.net\/de\/wp-json\/wp\/v2\/pages\/2368\/revisions"}],"predecessor-version":[{"id":10680,"href":"https:\/\/le-prieure.net\/de\/wp-json\/wp\/v2\/pages\/2368\/revisions\/10680"}],"wp:attachment":[{"href":"https:\/\/le-prieure.net\/de\/wp-json\/wp\/v2\/media?parent=2368"}],"curies":[{"name":"wp","href":"https:\/\/api.w.org\/{rel}","templated":true}]}}