{"id":2056,"date":"2022-01-31T17:03:45","date_gmt":"2022-01-31T17:03:45","guid":{"rendered":"https:\/\/le-prieure.net\/accueil\/"},"modified":"2026-04-01T14:21:19","modified_gmt":"2026-04-01T14:21:19","slug":"accueil","status":"publish","type":"page","link":"https:\/\/le-prieure.net\/fr\/","title":{"rendered":"Accueil"},"content":{"rendered":"<div class=\"et_pb_section_0 et_pb_section et_section_regular et_block_section\"><div class=\"et_pb_row_0 et_pb_row et_block_row\"><div class=\"et_pb_column_0 et_pb_column et_pb_column_4_4 et-last-child et_block_column et_pb_css_mix_blend_mode_passthrough\"><div class=\"et_pb_text_0 et_pb_text et_pb_bg_layout_dark et_animated et_pb_module et_block_module et_pb_text_align_center\"><div class=\"et_pb_text_inner\"><h2 style=\"text-align: center;\"><em><span style=\"color: #ffffff;\">Un havre de paix \u00e0 proximit\u00e9 de la rivi\u00e8re Dordogne<\/span><\/em><\/h2>\n<h1 style=\"text-align: center;\"><span style=\"color: #ffffff;\">Bed &amp; Breakfast<\/span><br \/><span style=\"color: #ffffff;\">G\u00eetes <\/span><\/h1>\n<\/div><\/div><\/div><\/div><\/div><div class=\"et_pb_section_1 et_pb_section et_section_regular et_block_section\"><div class=\"et_pb_row_1 et_pb_row et_block_row\"><div class=\"et_pb_column_1 et_pb_column et_pb_column_1_2 et_block_column et_pb_css_mix_blend_mode_passthrough\"><div class=\"et_pb_text_1 et_pb_text et_pb_bg_layout_light et_pb_module et_block_module\"><div class=\"et_pb_text_inner\"><h2>Un petit paradis<\/h2>\n<p>&nbsp;<\/p>\n<\/div><\/div><div class=\"et_pb_image_0 et_pb_image et_pb_module et_block_module\"><span class=\"et_pb_image_wrap\"><img loading=\"lazy\" decoding=\"async\" src=\"https:\/\/le-prieure.net\/wp-content\/uploads\/2023\/01\/swimming-pool-seen-from-the-terrace.jpg\" width=\"600\" height=\"400\" srcset=\"https:\/\/le-prieure.net\/wp-content\/uploads\/2023\/01\/swimming-pool-seen-from-the-terrace.jpg 600w, https:\/\/le-prieure.net\/wp-content\/uploads\/2023\/01\/swimming-pool-seen-from-the-terrace-480x320.jpg 480w\" sizes=\"(min-width: 0px) and (max-width: 480px) 480px, (min-width: 481px) 600px, 100vw\" class=\"wp-image-1137\" title=\"piscine-home-terrace-w600\" \/><\/span><\/div><\/div><div class=\"et_pb_column_2 et_pb_column et_pb_column_1_2 et-last-child et_block_column et_pb_css_mix_blend_mode_passthrough\"><div class=\"et_pb_text_2 et_pb_text et_pb_bg_layout_light et_pb_module et_block_module\"><div class=\"et_pb_text_inner\"><p><strong>Le Prieur\u00e9<\/strong> est un petit paradis qui propose des <strong>chambres d'h\u00f4tes<\/strong> ainsi que des <strong>g\u00eetes <\/strong> dans la belle r\u00e9gion du <strong>Lot<\/strong>, juste \u00e0 la fronti\u00e8re avec la <strong>Dordogne<\/strong>, et \u00e0 une courte distance de <strong>Souillac<\/strong>. Pour vous restaurer, il existe une vingtaine d'options diverses \u00e0 Souillac et dans les environs, comme Sarlat et Martel.<\/p>\n<p>Visitez <strong>Domme<\/strong>, <strong>Beynac<\/strong>, <strong>Colonge la Rouge<\/strong>, <strong>Saint-Cirque-Lapopie<\/strong>, Le <strong>Gouffre de Padirac<\/strong> et la ville monastique de <strong>Rocamadour<\/strong>. Apr\u00e8s avoir explor\u00e9 les beaux environs, trouvez du r\u00e9pit au Prieur\u00e9 et d\u00e9couvrez une <strong>belle cour<\/strong>, un grand jardin romantique, des zones ensoleill\u00e9es, des coins ombrag\u00e9s, une <strong>piscine chauff\u00e9e<\/strong> et beaucoup de silence, de s\u00e9r\u00e9nit\u00e9 et d'espace. Il y a aussi une charmante <strong>chapelle<\/strong> dans son \u00e9tat d'origine qui date des ann\u00e9es 1800. Elle est un fier rappel de l'histoire monastique du site du Prieur\u00e9.<\/p>\n<\/div><\/div><\/div><\/div><div class=\"et_pb_row_2 et_pb_row et_pb_row_1-4_1-4_1-2 et_block_row et_block_row_1-4_1-4_1-2\"><div class=\"et_pb_column_3 et_pb_column et_pb_column_1_4 et_block_column et_pb_css_mix_blend_mode_passthrough\"><div class=\"et_pb_image_1 et_pb_image et_pb_module et_block_module\"><span class=\"et_pb_image_wrap\"><img loading=\"lazy\" decoding=\"async\" src=\"https:\/\/le-prieure.net\/wp-content\/uploads\/2022\/12\/L1-0_small_chappelle.jpg\" width=\"300\" height=\"195\" srcset=\"https:\/\/le-prieure.net\/wp-content\/uploads\/2022\/12\/L1-0_small_chappelle.jpg 300w\" sizes=\"(max-width: 300px) 100vw, 300px\" class=\"wp-image-513\" title=\"L1-0_small_chappelle\" \/><\/span><\/div><\/div><div class=\"et_pb_column_4 et_pb_column et_pb_column_1_4 et_block_column et_pb_css_mix_blend_mode_passthrough\"><div class=\"et_pb_image_2 et_pb_image et_pb_module et_block_module\"><span class=\"et_pb_image_wrap\"><img loading=\"lazy\" decoding=\"async\" src=\"https:\/\/le-prieure.net\/wp-content\/uploads\/2023\/01\/aerial-view-of-le-prieure.jpg\" width=\"750\" height=\"500\" srcset=\"https:\/\/le-prieure.net\/wp-content\/uploads\/2023\/01\/aerial-view-of-le-prieure.jpg 750w, https:\/\/le-prieure.net\/wp-content\/uploads\/2023\/01\/aerial-view-of-le-prieure-480x320.jpg 480w\" sizes=\"(min-width: 0px) and (max-width: 480px) 480px, (min-width: 481px) 750px, 100vw\" class=\"wp-image-2003\" title=\"home_L1-0-w750\" \/><\/span><\/div><\/div><div class=\"et_pb_column_5 et_pb_column et_pb_column_1_2 et-last-child et_block_column et_pb_column_empty et_pb_css_mix_blend_mode_passthrough\"><\/div><\/div><\/div><div class=\"et_pb_section_2 et_pb_section et_section_regular et_block_section\"><div class=\"et_pb_row_3 et_pb_row et_block_row\" id=\"Gites\"><div class=\"et_pb_column_6 et_pb_column et_pb_column_4_4 et-last-child et_block_column et_pb_css_mix_blend_mode_passthrough\"><div class=\"et_pb_text_3 et_pb_text et_pb_bg_layout_light et_pb_module et_block_module\"><div class=\"et_pb_text_inner\"><h2 style=\"text-align: left;\">LES G\u00ceTES<\/h2>\n<\/div><\/div><\/div><\/div><div class=\"et_pb_row_4 et_pb_row et_block_row et_animated\"><div class=\"et_pb_column_7 et_pb_column et_pb_column_1_3 et_block_column et_pb_css_mix_blend_mode_passthrough\"><div class=\"et_pb_image_3 et_pb_image et_pb_module et_block_module\"><span class=\"et_pb_image_wrap\"><img loading=\"lazy\" decoding=\"async\" src=\"https:\/\/le-prieure.net\/wp-content\/uploads\/2022\/11\/gites_farm_over.jpg\" width=\"572\" height=\"348\" srcset=\"https:\/\/le-prieure.net\/wp-content\/uploads\/2022\/11\/gites_farm_over.jpg 572w, https:\/\/le-prieure.net\/wp-content\/uploads\/2022\/11\/gites_farm_over-480x292.jpg 480w\" sizes=\"(min-width: 0px) and (max-width: 480px) 480px, (min-width: 481px) 572px, 100vw\" class=\"wp-image-431\" title=\"gites_farm_over\" \/><\/span><\/div><div class=\"et_pb_text_4 et_pb_text et_pb_bg_layout_light et_pb_module et_block_module\"><div class=\"et_pb_text_inner\"><h3><b>LA FERME <\/b>(Max 4. pers)<\/h3>\n<p>Le <strong>g\u00eete de luxe<\/strong> dispose d'un patio et d'une entr\u00e9e priv\u00e9e, de meubles de jardin de qualit\u00e9 et d'un barbecue. Acc\u00e8s direct \u00e0 la <strong>chapelle<\/strong>.<\/p>\n<\/div><\/div><div class=\"et_pb_module et_pb_button_module_wrapper et_pb_button_0_wrapper\"><a class=\"et_pb_button_0 et_pb_button et_pb_bg_layout_light et_pb_module et_block_module\" href=\"https:\/\/le-prieure.net\/fr\/gites\/\">Voir ce g\u00eete et comparer<\/a><\/div><\/div><div class=\"et_pb_column_8 et_pb_column et_pb_column_1_3 et_block_column et_pb_css_mix_blend_mode_passthrough\"><div class=\"et_pb_image_4 et_pb_image et_pb_module et_block_module\"><span class=\"et_pb_image_wrap\"><img loading=\"lazy\" decoding=\"async\" src=\"https:\/\/le-prieure.net\/wp-content\/uploads\/2022\/11\/gites_atelier_over.jpg\" width=\"572\" height=\"348\" srcset=\"https:\/\/le-prieure.net\/wp-content\/uploads\/2022\/11\/gites_atelier_over.jpg 572w, https:\/\/le-prieure.net\/wp-content\/uploads\/2022\/11\/gites_atelier_over-480x292.jpg 480w\" sizes=\"(min-width: 0px) and (max-width: 480px) 480px, (min-width: 481px) 572px, 100vw\" class=\"wp-image-423\" title=\"gites_atelier_over\" \/><\/span><\/div><div class=\"et_pb_text_5 et_pb_text et_pb_bg_layout_light et_pb_module et_block_module\"><div class=\"et_pb_text_inner\"><h3><b>L'ATELIER<\/b>\u00a0(Max 2. pers)<\/h3>\n<p><strong>Le g\u00eete de l'Atelier<\/strong> : une r\u00e9sidence spacieuse avec une chambre pour deux personnes. Il dispose d'une abondance de fen\u00eatres avec vue sur le jardin et la cour.<\/p>\n<\/div><\/div><div class=\"et_pb_module et_pb_button_module_wrapper et_pb_button_1_wrapper\"><a class=\"et_pb_button_1 et_pb_button et_pb_bg_layout_light et_pb_module et_block_module\" href=\"https:\/\/le-prieure.net\/fr\/gites\/\">Voir ce g\u00eete et comparer<\/a><\/div><\/div><div class=\"et_pb_column_9 et_pb_column et_pb_column_1_3 et-last-child et_block_column et_pb_css_mix_blend_mode_passthrough\"><div class=\"et_pb_image_5 et_pb_image et_pb_module et_block_module\"><span class=\"et_pb_image_wrap\"><img loading=\"lazy\" decoding=\"async\" src=\"https:\/\/le-prieure.net\/wp-content\/uploads\/2024\/03\/le-pavillon-over.jpeg\" width=\"825\" height=\"500\" srcset=\"https:\/\/le-prieure.net\/wp-content\/uploads\/2024\/03\/le-pavillon-over.jpeg 825w, https:\/\/le-prieure.net\/wp-content\/uploads\/2024\/03\/le-pavillon-over-480x291.jpeg 480w\" sizes=\"(min-width: 0px) and (max-width: 480px) 480px, (min-width: 481px) 825px, 100vw\" class=\"wp-image-3782\" title=\"le-pavillon-over\" alt=\"le pavilion gite le prieure\" \/><\/span><\/div><div class=\"et_pb_text_6 et_pb_text et_pb_bg_layout_light et_pb_module et_block_module\"><div class=\"et_pb_text_inner\"><h3><b>LE PAVILLON<\/b>\u00a0(Max 2. pers)<\/h3>\n<p>Le <strong>g\u00eete Pavillon<\/strong>, doubl\u00e9 et ind\u00e9pendant dispose d'une salle de bains priv\u00e9e, d'une salle \u00e0 manger\/cuisine, d'un salon et d'une chambre.<\/p>\n<\/div><\/div><div class=\"et_pb_module et_pb_button_module_wrapper et_pb_button_2_wrapper\"><a class=\"et_pb_button_2 et_pb_button et_pb_bg_layout_light et_pb_module et_block_module\" href=\"https:\/\/le-prieure.net\/fr\/gites\/\">Voir ce g\u00eete et comparer<\/a><\/div><\/div><\/div><div class=\"et_pb_row_5 et_pb_row et_block_row et_animated\"><div class=\"et_pb_column_10 et_pb_column et_pb_column_4_4 et-last-child et_block_column et_pb_css_mix_blend_mode_passthrough\"><div class=\"et_pb_text_7 et_pb_text et_pb_bg_layout_light et_pb_module et_block_module\" id=\"chapelle\"><div class=\"et_pb_text_inner\"><h2 style=\"text-align: left;\">LA CHAPELLE<\/h2>\n<\/div><\/div><\/div><\/div><\/div><div class=\"et_pb_section_3 et_pb_section et_section_regular et_block_section\" id=\"chapelle\"><div class=\"et_pb_row_6 et_pb_row et_block_row\"><div class=\"et_pb_column_11 et_pb_column et_pb_column_4_4 et-last-child et_block_column et_pb_css_mix_blend_mode_passthrough\"><div class=\"et_pb_slider_0 et_pb_slider et_pb_slider_fullwidth_off et_pb_module et_block_module\"><div class=\"et_pb_slides\"><div class=\"et_pb_slide_0 et_pb_slide et_pb_media_alignment_center et_pb_bg_layout_dark et_pb_text_align_center\" data-slide-id=\"divi\/slide-0\"><div class=\"et_pb_container\"><div class=\"et_pb_slider_container_inner\"><div class=\"et_pb_slide_description\"><div class=\"et_pb_slide_content\"><h2 style=\"text-align: center;\"><strong>Enveloppe-moi dans l'\u00e9treinte chaleureuse<\/strong><br \/><strong>de tes anciens murs de pierre<\/strong><\/h2>\n<\/div><\/div><\/div><\/div><\/div><div class=\"et_pb_slide_1 et_pb_slide et_pb_media_alignment_center et_pb_bg_layout_dark et_pb_text_align_center\" data-slide-id=\"divi\/slide-1\"><div class=\"et_pb_container\"><div class=\"et_pb_slider_container_inner\"><div class=\"et_pb_slide_description\"><\/div><\/div><\/div><\/div><div class=\"et_pb_slide_2 et_pb_slide et_pb_media_alignment_center et_pb_bg_layout_dark et_pb_text_align_center\" data-slide-id=\"divi\/slide-2\"><div class=\"et_pb_container\"><div class=\"et_pb_slider_container_inner\"><div class=\"et_pb_slide_description\"><\/div><\/div><\/div><\/div><div class=\"et_pb_slide_3 et_pb_slide et_pb_media_alignment_center et_pb_bg_layout_dark et_pb_text_align_center\" data-slide-id=\"divi\/slide-3\"><div class=\"et_pb_container\"><div class=\"et_pb_slider_container_inner\"><div class=\"et_pb_slide_description\"><\/div><\/div><\/div><\/div><div class=\"et_pb_slide_4 et_pb_slide et_pb_media_alignment_center et_pb_bg_layout_dark et_pb_text_align_center\" data-slide-id=\"divi\/slide-4\"><div class=\"et_pb_container\"><div class=\"et_pb_slider_container_inner\"><div class=\"et_pb_slide_description\"><\/div><\/div><\/div><\/div><\/div><\/div><\/div><\/div><\/div><div class=\"et_pb_section_4 et_pb_section et_section_regular et_block_section section_has_divider et_pb_bottom_divider\" id=\"activit\u00e9s\"><div class=\"et_pb_row_7 et_pb_row et_block_row\"><div class=\"et_pb_column_12 et_pb_column et_pb_column_4_4 et-last-child et_block_column et_pb_css_mix_blend_mode_passthrough\"><div class=\"et_pb_text_8 et_pb_text et_pb_bg_layout_light et_pb_module et_block_module\" id=\"activities\"><div class=\"et_pb_text_inner\"><h6 style=\"text-align: center;\">Ce que vous obtenez<\/h6>\n<h2 style=\"text-align: center;\">ACTIVIT\u00c9S<\/h2>\n<\/div><\/div><\/div><\/div><div class=\"et_pb_row_8 et_pb_row et_block_row et_animated\"><div class=\"et_pb_column_13 et_pb_column et_pb_column_1_3 et_block_column et_pb_css_mix_blend_mode_passthrough\"><div class=\"et_pb_blurb_0 et_pb_blurb et_pb_bg_layout_light et_pb_blurb_position_left et_pb_module et_block_module golf\"><div class=\"et_pb_blurb_content\"><div class=\"et_pb_main_blurb_image\"><span class=\"et_pb_image_wrap\"><span class=\"et-pb-icon et_animated et_animated\">\ue052<\/span><\/span><\/div><div class=\"et_pb_blurb_container\"><h5 class=\"et_pb_module_header\">Golf \u00e0 Souillac<\/h5><\/div><\/div><\/div><div class=\"et_pb_blurb_1 et_pb_blurb et_pb_bg_layout_light et_pb_blurb_position_left et_pb_module et_block_module gouffredepadirac\"><div class=\"et_pb_blurb_content\"><div class=\"et_pb_main_blurb_image\"><span class=\"et_pb_image_wrap\"><span class=\"et-pb-icon et_animated et_animated\">\ue052<\/span><\/span><\/div><div class=\"et_pb_blurb_container\"><h5 class=\"et_pb_module_header\">Gouffre de Padirac<\/h5><\/div><\/div><\/div><div class=\"et_pb_blurb_2 et_pb_blurb et_pb_bg_layout_light et_pb_blurb_position_left et_pb_module et_block_module horseriding\"><div class=\"et_pb_blurb_content\"><div class=\"et_pb_main_blurb_image\"><span class=\"et_pb_image_wrap\"><span class=\"et-pb-icon et_animated et_animated\">\ue052<\/span><\/span><\/div><div class=\"et_pb_blurb_container\"><h5 class=\"et_pb_module_header\">\u00c9quitation \u00e0 Souillac<\/h5><\/div><\/div><\/div><\/div><div class=\"et_pb_column_14 et_pb_column et_pb_column_1_3 et_block_column et_pb_css_mix_blend_mode_passthrough\"><div class=\"et_pb_blurb_3 et_pb_blurb et_pb_bg_layout_light et_pb_blurb_position_left et_pb_module et_block_module dordognevalley\"><div class=\"et_pb_blurb_content\"><div class=\"et_pb_main_blurb_image\"><span class=\"et_pb_image_wrap\"><span class=\"et-pb-icon et_animated et_animated\">\ue052<\/span><\/span><\/div><div class=\"et_pb_blurb_container\"><h5 class=\"et_pb_module_header\">Dordogne Valley<\/h5><\/div><\/div><\/div><div class=\"et_pb_blurb_4 et_pb_blurb et_pb_bg_layout_light et_pb_blurb_position_left et_pb_module et_block_module sarlat\"><div class=\"et_pb_blurb_content\"><div class=\"et_pb_main_blurb_image\"><span class=\"et_pb_image_wrap\"><span class=\"et-pb-icon et_animated et_animated\">\ue052<\/span><\/span><\/div><div class=\"et_pb_blurb_container\"><h5 class=\"et_pb_module_header\">Sarlat <\/h5><\/div><\/div><\/div><div class=\"et_pb_blurb_5 et_pb_blurb et_pb_bg_layout_light et_pb_blurb_position_left et_pb_module et_block_module canoe\"><div class=\"et_pb_blurb_content\"><div class=\"et_pb_main_blurb_image\"><span class=\"et_pb_image_wrap\"><span class=\"et-pb-icon et_animated et_animated\">\ue052<\/span><\/span><\/div><div class=\"et_pb_blurb_container\"><h5 class=\"et_pb_module_header\">Cano\u00eb-kayak dans la vall\u00e9e de la Dordogne<\/h5><\/div><\/div><\/div><\/div><div class=\"et_pb_column_15 et_pb_column et_pb_column_1_3 et-last-child et_block_column et_pb_css_mix_blend_mode_passthrough\"><div class=\"et_pb_blurb_6 et_pb_blurb et_pb_bg_layout_light et_pb_blurb_position_left et_pb_module et_block_module rocamadour\"><div class=\"et_pb_blurb_content\"><div class=\"et_pb_main_blurb_image\"><span class=\"et_pb_image_wrap\"><span class=\"et-pb-icon et_animated et_animated\">\ue052<\/span><\/span><\/div><div class=\"et_pb_blurb_container\"><h5 class=\"et_pb_module_header\">Rocamadour <\/h5><\/div><\/div><\/div><div class=\"et_pb_blurb_7 et_pb_blurb et_pb_bg_layout_light et_pb_blurb_position_left et_pb_module et_block_module beynac\"><div class=\"et_pb_blurb_content\"><div class=\"et_pb_main_blurb_image\"><span class=\"et_pb_image_wrap\"><span class=\"et-pb-icon et_animated et_animated\">\ue052<\/span><\/span><\/div><div class=\"et_pb_blurb_container\"><h5 class=\"et_pb_module_header\">Beynac<\/h5><\/div><\/div><\/div><div class=\"et_pb_blurb_8 et_pb_blurb et_pb_bg_layout_light et_pb_blurb_position_left et_pb_module et_block_module railway\"><div class=\"et_pb_blurb_content\"><div class=\"et_pb_main_blurb_image\"><span class=\"et_pb_image_wrap\"><span class=\"et-pb-icon et_animated et_animated\">\ue052<\/span><\/span><\/div><div class=\"et_pb_blurb_container\"><h5 class=\"et_pb_module_header\">Chemin de fer panoramique du Haut Quercy<\/h5><\/div><\/div><\/div><\/div><\/div><div class=\"et_pb_bottom_inside_divider et-no-transition\"><\/div><\/div>","protected":false},"excerpt":{"rendered":"","protected":false},"author":1,"featured_media":0,"parent":0,"menu_order":10,"comment_status":"closed","ping_status":"closed","template":"","meta":{"footnotes":""},"class_list":["post-2056","page","type-page","status-publish","hentry"],"yoast_head":"<!-- This site is optimized with the Yoast SEO plugin v27.3 - https:\/\/yoast.com\/product\/yoast-seo-wordpress\/ -->\n<title>Accueil - Le Prieure<\/title>\n<meta name=\"robots\" content=\"index, follow, max-snippet:-1, max-image-preview:large, max-video-preview:-1\" \/>\n<link rel=\"canonical\" href=\"https:\/\/le-prieure.net\/fr\/\" \/>\n<meta property=\"og:locale\" content=\"fr_FR\" \/>\n<meta property=\"og:type\" content=\"article\" \/>\n<meta property=\"og:title\" content=\"Accueil - Le Prieure\" \/>\n<meta property=\"og:url\" content=\"https:\/\/le-prieure.net\/fr\/\" \/>\n<meta property=\"og:site_name\" content=\"Le Prieure\" \/>\n<meta property=\"article:publisher\" content=\"http:\/\/www.facebook.com\/pages\/Le-Prieur\/121438661222347?ref=hl\" \/>\n<meta property=\"article:modified_time\" content=\"2026-04-01T14:21:19+00:00\" \/>\n<meta name=\"twitter:card\" content=\"summary_large_image\" \/>\n<meta name=\"twitter:site\" content=\"@leprieure1\" \/>\n<script type=\"application\/ld+json\" class=\"yoast-schema-graph\">{\"@context\":\"https:\\\/\\\/schema.org\",\"@graph\":[{\"@type\":\"WebPage\",\"@id\":\"https:\\\/\\\/le-prieure.net\\\/fr\\\/\",\"url\":\"https:\\\/\\\/le-prieure.net\\\/fr\\\/\",\"name\":\"Accueil - Le Prieure\",\"isPartOf\":{\"@id\":\"https:\\\/\\\/le-prieure.net\\\/fr\\\/#website\"},\"datePublished\":\"2022-01-31T17:03:45+00:00\",\"dateModified\":\"2026-04-01T14:21:19+00:00\",\"breadcrumb\":{\"@id\":\"https:\\\/\\\/le-prieure.net\\\/fr\\\/#breadcrumb\"},\"inLanguage\":\"fr-FR\",\"potentialAction\":[{\"@type\":\"ReadAction\",\"target\":[\"https:\\\/\\\/le-prieure.net\\\/fr\\\/\"]}]},{\"@type\":\"BreadcrumbList\",\"@id\":\"https:\\\/\\\/le-prieure.net\\\/fr\\\/#breadcrumb\",\"itemListElement\":[{\"@type\":\"ListItem\",\"position\":1,\"name\":\"Home\",\"item\":\"https:\\\/\\\/le-prieure.net\\\/fr\\\/\"},{\"@type\":\"ListItem\",\"position\":2,\"name\":\"Accueil\"}]},{\"@type\":\"WebSite\",\"@id\":\"https:\\\/\\\/le-prieure.net\\\/fr\\\/#website\",\"url\":\"https:\\\/\\\/le-prieure.net\\\/fr\\\/\",\"name\":\"Souillac Bed & Breakfast, Holiday Cottages, Gites, le Prieur\u00e9, Dordogne\",\"description\":\"Chambres d'h\u00f4tes et g\u00eetes dans le Lot \\\/ Dordogne France \",\"publisher\":{\"@id\":\"https:\\\/\\\/le-prieure.net\\\/fr\\\/#organization\"},\"potentialAction\":[{\"@type\":\"SearchAction\",\"target\":{\"@type\":\"EntryPoint\",\"urlTemplate\":\"https:\\\/\\\/le-prieure.net\\\/fr\\\/?s={search_term_string}\"},\"query-input\":{\"@type\":\"PropertyValueSpecification\",\"valueRequired\":true,\"valueName\":\"search_term_string\"}}],\"inLanguage\":\"fr-FR\"},{\"@type\":\"Organization\",\"@id\":\"https:\\\/\\\/le-prieure.net\\\/fr\\\/#organization\",\"name\":\"Le Prieur\u00e9\",\"url\":\"https:\\\/\\\/le-prieure.net\\\/fr\\\/\",\"logo\":{\"@type\":\"ImageObject\",\"inLanguage\":\"fr-FR\",\"@id\":\"https:\\\/\\\/le-prieure.net\\\/fr\\\/#\\\/schema\\\/logo\\\/image\\\/\",\"url\":\"https:\\\/\\\/le-prieure.net\\\/wp-content\\\/uploads\\\/2022\\\/01\\\/leprieure.gif\",\"contentUrl\":\"https:\\\/\\\/le-prieure.net\\\/wp-content\\\/uploads\\\/2022\\\/01\\\/leprieure.gif\",\"width\":341,\"height\":55,\"caption\":\"Le Prieur\u00e9\"},\"image\":{\"@id\":\"https:\\\/\\\/le-prieure.net\\\/fr\\\/#\\\/schema\\\/logo\\\/image\\\/\"},\"sameAs\":[\"http:\\\/\\\/www.facebook.com\\\/pages\\\/Le-Prieur\\\/121438661222347?ref=hl\",\"https:\\\/\\\/x.com\\\/leprieure1\",\"http:\\\/\\\/pinterest.com\\\/leprieure\\\/\"]}]}<\/script>\n<!-- \/ Yoast SEO plugin. -->","yoast_head_json":{"title":"Accueil - Le Prieure","robots":{"index":"index","follow":"follow","max-snippet":"max-snippet:-1","max-image-preview":"max-image-preview:large","max-video-preview":"max-video-preview:-1"},"canonical":"https:\/\/le-prieure.net\/fr\/","og_locale":"fr_FR","og_type":"article","og_title":"Accueil - Le Prieure","og_url":"https:\/\/le-prieure.net\/fr\/","og_site_name":"Le Prieure","article_publisher":"http:\/\/www.facebook.com\/pages\/Le-Prieur\/121438661222347?ref=hl","article_modified_time":"2026-04-01T14:21:19+00:00","twitter_card":"summary_large_image","twitter_site":"@leprieure1","schema":{"@context":"https:\/\/schema.org","@graph":[{"@type":"WebPage","@id":"https:\/\/le-prieure.net\/fr\/","url":"https:\/\/le-prieure.net\/fr\/","name":"Accueil - Le Prieure","isPartOf":{"@id":"https:\/\/le-prieure.net\/fr\/#website"},"datePublished":"2022-01-31T17:03:45+00:00","dateModified":"2026-04-01T14:21:19+00:00","breadcrumb":{"@id":"https:\/\/le-prieure.net\/fr\/#breadcrumb"},"inLanguage":"fr-FR","potentialAction":[{"@type":"ReadAction","target":["https:\/\/le-prieure.net\/fr\/"]}]},{"@type":"BreadcrumbList","@id":"https:\/\/le-prieure.net\/fr\/#breadcrumb","itemListElement":[{"@type":"ListItem","position":1,"name":"Home","item":"https:\/\/le-prieure.net\/fr\/"},{"@type":"ListItem","position":2,"name":"Accueil"}]},{"@type":"WebSite","@id":"https:\/\/le-prieure.net\/fr\/#website","url":"https:\/\/le-prieure.net\/fr\/","name":"Souillac Bed & Breakfast, Holiday Cottages, Gites, le Prieur\u00e9, Dordogne","description":"Chambres d'h\u00f4tes et g\u00eetes dans le Lot \/ Dordogne France ","publisher":{"@id":"https:\/\/le-prieure.net\/fr\/#organization"},"potentialAction":[{"@type":"SearchAction","target":{"@type":"EntryPoint","urlTemplate":"https:\/\/le-prieure.net\/fr\/?s={search_term_string}"},"query-input":{"@type":"PropertyValueSpecification","valueRequired":true,"valueName":"search_term_string"}}],"inLanguage":"fr-FR"},{"@type":"Organization","@id":"https:\/\/le-prieure.net\/fr\/#organization","name":"Le Prieur\u00e9","url":"https:\/\/le-prieure.net\/fr\/","logo":{"@type":"ImageObject","inLanguage":"fr-FR","@id":"https:\/\/le-prieure.net\/fr\/#\/schema\/logo\/image\/","url":"https:\/\/le-prieure.net\/wp-content\/uploads\/2022\/01\/leprieure.gif","contentUrl":"https:\/\/le-prieure.net\/wp-content\/uploads\/2022\/01\/leprieure.gif","width":341,"height":55,"caption":"Le Prieur\u00e9"},"image":{"@id":"https:\/\/le-prieure.net\/fr\/#\/schema\/logo\/image\/"},"sameAs":["http:\/\/www.facebook.com\/pages\/Le-Prieur\/121438661222347?ref=hl","https:\/\/x.com\/leprieure1","http:\/\/pinterest.com\/leprieure\/"]}]}},"_links":{"self":[{"href":"https:\/\/le-prieure.net\/fr\/wp-json\/wp\/v2\/pages\/2056","targetHints":{"allow":["GET"]}}],"collection":[{"href":"https:\/\/le-prieure.net\/fr\/wp-json\/wp\/v2\/pages"}],"about":[{"href":"https:\/\/le-prieure.net\/fr\/wp-json\/wp\/v2\/types\/page"}],"author":[{"embeddable":true,"href":"https:\/\/le-prieure.net\/fr\/wp-json\/wp\/v2\/users\/1"}],"replies":[{"embeddable":true,"href":"https:\/\/le-prieure.net\/fr\/wp-json\/wp\/v2\/comments?post=2056"}],"version-history":[{"count":5,"href":"https:\/\/le-prieure.net\/fr\/wp-json\/wp\/v2\/pages\/2056\/revisions"}],"predecessor-version":[{"id":10692,"href":"https:\/\/le-prieure.net\/fr\/wp-json\/wp\/v2\/pages\/2056\/revisions\/10692"}],"wp:attachment":[{"href":"https:\/\/le-prieure.net\/fr\/wp-json\/wp\/v2\/media?parent=2056"}],"curies":[{"name":"wp","href":"https:\/\/api.w.org\/{rel}","templated":true}]}}