{"id":2095,"date":"2022-01-31T17:13:57","date_gmt":"2022-01-31T17:13:57","guid":{"rendered":"https:\/\/le-prieure.net\/a-propos\/"},"modified":"2026-04-01T14:25:20","modified_gmt":"2026-04-01T14:25:20","slug":"a-propos","status":"publish","type":"page","link":"https:\/\/le-prieure.net\/fr\/a-propos\/","title":{"rendered":"A propos"},"content":{"rendered":"\n<div class=\"et_pb_section_0 et_pb_section et_section_regular et_block_section\"><div class=\"et_pb_row_0 et_pb_row et_block_row\"><div class=\"et_pb_column_0 et_pb_column et_pb_column_4_4 et-last-child et_block_column et_pb_css_mix_blend_mode_passthrough\"><div class=\"et_pb_text_0 et_pb_text et_pb_bg_layout_light et_animated et_pb_module et_block_module\"><div class=\"et_pb_text_inner\"><h5>A propos<\/h5>\n<h1>D\u00e9couvrez Le Prieur\u00e9<br \/>Notre demeure<\/h1>\n<\/div><\/div><\/div><\/div><\/div><div class=\"et_pb_section_1 et_pb_section et_section_regular et_block_section\"><div class=\"et_pb_row_1 et_pb_row et_block_row\"><div class=\"et_pb_column_1 et_pb_column et_pb_column_4_4 et-last-child et_block_column et_pb_css_mix_blend_mode_passthrough\"><div class=\"et_pb_text_1 et_pb_text et_pb_bg_layout_light et_pb_module et_block_module et_pb_text_align_center\"><div class=\"et_pb_text_inner\"><h2>Histoire<\/h2>\n<p>&nbsp;<\/p>\n<\/div><\/div><\/div><\/div><div class=\"et_pb_row_2 et_pb_row et_block_row\"><div class=\"et_pb_column_2 et_pb_column et_pb_column_1_2 et_block_column et_pb_css_mix_blend_mode_passthrough\"><div class=\"et_pb_text_2 et_pb_text et_pb_bg_layout_light et_pb_module et_block_module\"><div class=\"et_pb_text_inner\"><p><em>Lorsque nous nous sommes trouv\u00e9s devant l'imposante fa\u00e7ade du Prieur\u00e9 en avril 2001, nous avons \u00e9t\u00e9 imm\u00e9diatement conquis.<\/em><\/p>\n<p><em>C'\u00e9tait le coup de foudre, m\u00eame si nous pouvions aussi constater que le temps avait laiss\u00e9 des traces et que l'ensemble avait besoin de beaucoup de travail. Nous avons finalement r\u00e9ussi \u00e0 le transformer en un lieu o\u00f9 nos h\u00f4tes peuvent profiter de la paix, de l'espace et de la beaut\u00e9 que le Prieur\u00e9 a \u00e0 offrir.<\/em><\/p>\n<p><em>Nous aimons l'espace, la tranquillit\u00e9 et la vie en France, et nous en profitons tous les jours avec nos deux chiens Yara et Bliss, nos chats Siem et Soofie et notre vieux cheval Tim.<\/em><\/p>\n<\/div><\/div><\/div><div class=\"et_pb_column_3 et_pb_column et_pb_column_1_2 et-last-child et_block_column et_pb_css_mix_blend_mode_passthrough\"><div class=\"et_pb_image_0 et_pb_image et_pb_module et_block_module\"><span class=\"et_pb_image_wrap\"><img loading=\"lazy\" decoding=\"async\" src=\"https:\/\/le-prieure.net\/wp-content\/uploads\/2023\/01\/saskia-and-martin-landman-owners-le-prieure.jpg\" width=\"750\" height=\"500\" srcset=\"https:\/\/le-prieure.net\/wp-content\/uploads\/2023\/01\/saskia-and-martin-landman-owners-le-prieure.jpg 750w, https:\/\/le-prieure.net\/wp-content\/uploads\/2023\/01\/saskia-and-martin-landman-owners-le-prieure-480x320.jpg 480w\" sizes=\"(min-width: 0px) and (max-width: 480px) 480px, (min-width: 481px) 750px, 100vw\" class=\"wp-image-1636\" title=\"about-L1-0-w750\" \/><\/span><\/div><\/div><\/div><\/div><div class=\"et_pb_section_2 et_pb_section et_section_regular et_block_section\"><div class=\"et_pb_row_3 et_pb_row et_pb_row_1-2_1-6_1-6_1-6 et_block_row et_block_row_1-2_1-6_1-6_1-6\"><div class=\"et_pb_column_4 et_pb_column et_pb_column_1_2 et_block_column et_pb_css_mix_blend_mode_passthrough\"><div class=\"et_pb_text_3 et_pb_text et_pb_bg_layout_dark et_pb_module et_block_module\"><div class=\"et_pb_text_inner\"><h2>H\u00e9bergement et s\u00e9jour<\/h2>\n<\/div><\/div><\/div><div class=\"et_pb_column_5 et_pb_column et_pb_column_1_6 et_block_column et_pb_css_mix_blend_mode_passthrough\"><div class=\"et_pb_number_counter_0 et_pb_number_counter et_pb_bg_layout_dark et_pb_text_align_center et_pb_with_title et_pb_module et_block_module\"><div class=\"percent\"><p><span class=\"percent-value\"><\/span><span class=\"percent-sign\"><\/span><\/p><\/div><h3 class=\"title\">Chambres<\/h3><\/div><\/div><div class=\"et_pb_column_6 et_pb_column et_pb_column_1_6 et_block_column et_pb_css_mix_blend_mode_passthrough\"><div class=\"et_pb_number_counter_1 et_pb_number_counter et_pb_bg_layout_dark et_pb_text_align_center et_pb_with_title et_pb_module et_block_module\"><div class=\"percent\"><p><span class=\"percent-value\"><\/span><span class=\"percent-sign\"><\/span><\/p><\/div><h3 class=\"title\">G\u00eetes<\/h3><\/div><\/div><div class=\"et_pb_column_7 et_pb_column et_pb_column_1_6 et-last-child et_block_column et_pb_css_mix_blend_mode_passthrough\"><div class=\"et_pb_number_counter_2 et_pb_number_counter et_pb_bg_layout_dark et_pb_text_align_center et_pb_with_title et_pb_module et_block_module\"><div class=\"percent\"><p><span class=\"percent-value\"><\/span><span class=\"percent-sign\"><\/span><\/p><\/div><h3 class=\"title\">Invit\u00e9s<\/h3><\/div><\/div><\/div><\/div><div class=\"et_pb_section_3 et_pb_section et_section_regular et_block_section\"><div class=\"et_pb_row_4 et_pb_row et_block_row\"><div class=\"et_pb_column_8 et_pb_column et_pb_column_4_4 et-last-child et_block_column et_pb_css_mix_blend_mode_passthrough\"><div class=\"et_pb_text_4 et_pb_text et_pb_bg_layout_light et_pb_module et_block_module et_pb_text_align_center\"><div class=\"et_pb_text_inner\"><h3>D\u00e9couvrez le calme de notre petit paradis<\/h3>\n<p>Les trois <a href=\"https:\/\/le-prieure.net\/fr\/gites\/\">g\u00eetes<\/a> enti\u00e8rement \u00e9quip\u00e9s sont situ\u00e9s au milieu des parterres de fleurs du jardin.\u00a0<a href=\"https:\/\/le-prieure.net\/fr\/gites\/la-ferme\/\">La Ferme<\/a> est le plus ancien b\u00e2timent du Prieur\u00e9, ce g\u00eete offre un acc\u00e8s direct \u00e0 la chapelle et une chambre principale luxueuse. <a href=\"https:\/\/le-prieure.net\/fr\/gites\/l-atelier\/\">L'Atelier<\/a> dispose d'une terrasse priv\u00e9e et d'une vue sur la cour.\u00a0<a href=\"https:\/\/le-prieure.net\/fr\/gites\/le-pavillon\/\">Le Pavillon<\/a> est un g\u00eete confortable dot\u00e9 d'une cuisine enti\u00e8rement \u00e9quip\u00e9e et d'une terrasse \u00e0 l'ombre de deux figuiers.<\/p>\n<p>Le b\u00e2timent principal offre quatre <a href=\"https:\/\/le-prieure.net\/fr\/chambres\/\">chambres d'h\u00f4tes<\/a> spacieuses et uniques. Chaque chambre d'h\u00f4tes du Prieur\u00e9 a un caract\u00e8re particulier. Elles offrent une chambre de vacances avec une salle de bain priv\u00e9e et une grande terrasse priv\u00e9e et trois chambres d'h\u00f4tes avec une salle de bain priv\u00e9e.<\/p>\n<p>Pour les repas, il y a une vingtaine d'options diverses dans la r\u00e9gion de la Dordogne, en particulier \u00e0 Souillac et dans les villes voisines de Sarlat, Domme, Beynac et la ville monast\u00e8re de Rocamadour.<\/p>\n<\/div><\/div><\/div><\/div><\/div>\n","protected":false},"excerpt":{"rendered":"","protected":false},"author":1,"featured_media":0,"parent":0,"menu_order":60,"comment_status":"closed","ping_status":"closed","template":"","meta":{"footnotes":""},"class_list":["post-2095","page","type-page","status-publish","hentry"],"yoast_head":"<!-- This site is optimized with the Yoast SEO plugin v27.3 - https:\/\/yoast.com\/product\/yoast-seo-wordpress\/ -->\n<title>A propos - Le Prieure<\/title>\n<meta name=\"robots\" content=\"index, follow, max-snippet:-1, max-image-preview:large, max-video-preview:-1\" \/>\n<link rel=\"canonical\" href=\"https:\/\/le-prieure.net\/fr\/a-propos\/\" \/>\n<meta property=\"og:locale\" content=\"fr_FR\" \/>\n<meta property=\"og:type\" content=\"article\" \/>\n<meta property=\"og:title\" content=\"A propos - Le Prieure\" \/>\n<meta property=\"og:url\" content=\"https:\/\/le-prieure.net\/fr\/a-propos\/\" \/>\n<meta property=\"og:site_name\" content=\"Le Prieure\" \/>\n<meta property=\"article:publisher\" content=\"http:\/\/www.facebook.com\/pages\/Le-Prieur\/121438661222347?ref=hl\" \/>\n<meta property=\"article:modified_time\" content=\"2026-04-01T14:25:20+00:00\" \/>\n<meta name=\"twitter:card\" content=\"summary_large_image\" \/>\n<meta name=\"twitter:site\" content=\"@leprieure1\" \/>\n<script type=\"application\/ld+json\" class=\"yoast-schema-graph\">{\"@context\":\"https:\\\/\\\/schema.org\",\"@graph\":[{\"@type\":\"WebPage\",\"@id\":\"https:\\\/\\\/le-prieure.net\\\/fr\\\/a-propos\\\/\",\"url\":\"https:\\\/\\\/le-prieure.net\\\/fr\\\/a-propos\\\/\",\"name\":\"A propos - Le Prieure\",\"isPartOf\":{\"@id\":\"https:\\\/\\\/le-prieure.net\\\/fr\\\/#website\"},\"datePublished\":\"2022-01-31T17:13:57+00:00\",\"dateModified\":\"2026-04-01T14:25:20+00:00\",\"breadcrumb\":{\"@id\":\"https:\\\/\\\/le-prieure.net\\\/fr\\\/a-propos\\\/#breadcrumb\"},\"inLanguage\":\"fr-FR\",\"potentialAction\":[{\"@type\":\"ReadAction\",\"target\":[\"https:\\\/\\\/le-prieure.net\\\/fr\\\/a-propos\\\/\"]}]},{\"@type\":\"BreadcrumbList\",\"@id\":\"https:\\\/\\\/le-prieure.net\\\/fr\\\/a-propos\\\/#breadcrumb\",\"itemListElement\":[{\"@type\":\"ListItem\",\"position\":1,\"name\":\"Home\",\"item\":\"https:\\\/\\\/le-prieure.net\\\/fr\\\/\"},{\"@type\":\"ListItem\",\"position\":2,\"name\":\"A propos\"}]},{\"@type\":\"WebSite\",\"@id\":\"https:\\\/\\\/le-prieure.net\\\/fr\\\/#website\",\"url\":\"https:\\\/\\\/le-prieure.net\\\/fr\\\/\",\"name\":\"Souillac Bed & Breakfast, Holiday Cottages, Gites, le Prieur\u00e9, Dordogne\",\"description\":\"Chambres d'h\u00f4tes et g\u00eetes dans le Lot \\\/ Dordogne France \",\"publisher\":{\"@id\":\"https:\\\/\\\/le-prieure.net\\\/fr\\\/#organization\"},\"potentialAction\":[{\"@type\":\"SearchAction\",\"target\":{\"@type\":\"EntryPoint\",\"urlTemplate\":\"https:\\\/\\\/le-prieure.net\\\/fr\\\/?s={search_term_string}\"},\"query-input\":{\"@type\":\"PropertyValueSpecification\",\"valueRequired\":true,\"valueName\":\"search_term_string\"}}],\"inLanguage\":\"fr-FR\"},{\"@type\":\"Organization\",\"@id\":\"https:\\\/\\\/le-prieure.net\\\/fr\\\/#organization\",\"name\":\"Le Prieur\u00e9\",\"url\":\"https:\\\/\\\/le-prieure.net\\\/fr\\\/\",\"logo\":{\"@type\":\"ImageObject\",\"inLanguage\":\"fr-FR\",\"@id\":\"https:\\\/\\\/le-prieure.net\\\/fr\\\/#\\\/schema\\\/logo\\\/image\\\/\",\"url\":\"https:\\\/\\\/le-prieure.net\\\/wp-content\\\/uploads\\\/2022\\\/01\\\/leprieure.gif\",\"contentUrl\":\"https:\\\/\\\/le-prieure.net\\\/wp-content\\\/uploads\\\/2022\\\/01\\\/leprieure.gif\",\"width\":341,\"height\":55,\"caption\":\"Le Prieur\u00e9\"},\"image\":{\"@id\":\"https:\\\/\\\/le-prieure.net\\\/fr\\\/#\\\/schema\\\/logo\\\/image\\\/\"},\"sameAs\":[\"http:\\\/\\\/www.facebook.com\\\/pages\\\/Le-Prieur\\\/121438661222347?ref=hl\",\"https:\\\/\\\/x.com\\\/leprieure1\",\"http:\\\/\\\/pinterest.com\\\/leprieure\\\/\"]}]}<\/script>\n<!-- \/ Yoast SEO plugin. -->","yoast_head_json":{"title":"A propos - Le Prieure","robots":{"index":"index","follow":"follow","max-snippet":"max-snippet:-1","max-image-preview":"max-image-preview:large","max-video-preview":"max-video-preview:-1"},"canonical":"https:\/\/le-prieure.net\/fr\/a-propos\/","og_locale":"fr_FR","og_type":"article","og_title":"A propos - Le Prieure","og_url":"https:\/\/le-prieure.net\/fr\/a-propos\/","og_site_name":"Le Prieure","article_publisher":"http:\/\/www.facebook.com\/pages\/Le-Prieur\/121438661222347?ref=hl","article_modified_time":"2026-04-01T14:25:20+00:00","twitter_card":"summary_large_image","twitter_site":"@leprieure1","schema":{"@context":"https:\/\/schema.org","@graph":[{"@type":"WebPage","@id":"https:\/\/le-prieure.net\/fr\/a-propos\/","url":"https:\/\/le-prieure.net\/fr\/a-propos\/","name":"A propos - Le Prieure","isPartOf":{"@id":"https:\/\/le-prieure.net\/fr\/#website"},"datePublished":"2022-01-31T17:13:57+00:00","dateModified":"2026-04-01T14:25:20+00:00","breadcrumb":{"@id":"https:\/\/le-prieure.net\/fr\/a-propos\/#breadcrumb"},"inLanguage":"fr-FR","potentialAction":[{"@type":"ReadAction","target":["https:\/\/le-prieure.net\/fr\/a-propos\/"]}]},{"@type":"BreadcrumbList","@id":"https:\/\/le-prieure.net\/fr\/a-propos\/#breadcrumb","itemListElement":[{"@type":"ListItem","position":1,"name":"Home","item":"https:\/\/le-prieure.net\/fr\/"},{"@type":"ListItem","position":2,"name":"A propos"}]},{"@type":"WebSite","@id":"https:\/\/le-prieure.net\/fr\/#website","url":"https:\/\/le-prieure.net\/fr\/","name":"Souillac Bed & Breakfast, Holiday Cottages, Gites, le Prieur\u00e9, Dordogne","description":"Chambres d'h\u00f4tes et g\u00eetes dans le Lot \/ Dordogne France ","publisher":{"@id":"https:\/\/le-prieure.net\/fr\/#organization"},"potentialAction":[{"@type":"SearchAction","target":{"@type":"EntryPoint","urlTemplate":"https:\/\/le-prieure.net\/fr\/?s={search_term_string}"},"query-input":{"@type":"PropertyValueSpecification","valueRequired":true,"valueName":"search_term_string"}}],"inLanguage":"fr-FR"},{"@type":"Organization","@id":"https:\/\/le-prieure.net\/fr\/#organization","name":"Le Prieur\u00e9","url":"https:\/\/le-prieure.net\/fr\/","logo":{"@type":"ImageObject","inLanguage":"fr-FR","@id":"https:\/\/le-prieure.net\/fr\/#\/schema\/logo\/image\/","url":"https:\/\/le-prieure.net\/wp-content\/uploads\/2022\/01\/leprieure.gif","contentUrl":"https:\/\/le-prieure.net\/wp-content\/uploads\/2022\/01\/leprieure.gif","width":341,"height":55,"caption":"Le Prieur\u00e9"},"image":{"@id":"https:\/\/le-prieure.net\/fr\/#\/schema\/logo\/image\/"},"sameAs":["http:\/\/www.facebook.com\/pages\/Le-Prieur\/121438661222347?ref=hl","https:\/\/x.com\/leprieure1","http:\/\/pinterest.com\/leprieure\/"]}]}},"_links":{"self":[{"href":"https:\/\/le-prieure.net\/fr\/wp-json\/wp\/v2\/pages\/2095","targetHints":{"allow":["GET"]}}],"collection":[{"href":"https:\/\/le-prieure.net\/fr\/wp-json\/wp\/v2\/pages"}],"about":[{"href":"https:\/\/le-prieure.net\/fr\/wp-json\/wp\/v2\/types\/page"}],"author":[{"embeddable":true,"href":"https:\/\/le-prieure.net\/fr\/wp-json\/wp\/v2\/users\/1"}],"replies":[{"embeddable":true,"href":"https:\/\/le-prieure.net\/fr\/wp-json\/wp\/v2\/comments?post=2095"}],"version-history":[{"count":3,"href":"https:\/\/le-prieure.net\/fr\/wp-json\/wp\/v2\/pages\/2095\/revisions"}],"predecessor-version":[{"id":10698,"href":"https:\/\/le-prieure.net\/fr\/wp-json\/wp\/v2\/pages\/2095\/revisions\/10698"}],"wp:attachment":[{"href":"https:\/\/le-prieure.net\/fr\/wp-json\/wp\/v2\/media?parent=2095"}],"curies":[{"name":"wp","href":"https:\/\/api.w.org\/{rel}","templated":true}]}}