{"id":2122,"date":"2022-01-31T17:12:58","date_gmt":"2022-01-31T17:12:58","guid":{"rendered":"https:\/\/le-prieure.net\/contact\/"},"modified":"2026-04-01T14:21:28","modified_gmt":"2026-04-01T14:21:28","slug":"contact","status":"publish","type":"page","link":"https:\/\/le-prieure.net\/fr\/contact\/","title":{"rendered":"Contact"},"content":{"rendered":"\n<div class=\"et_pb_section_0 et_pb_section et_section_regular et_block_section\"><div class=\"et_pb_row_0 et_pb_row et_block_row\"><div class=\"et_pb_column_0 et_pb_column et_pb_column_4_4 et-last-child et_block_column et_pb_css_mix_blend_mode_passthrough\"><div class=\"et_pb_text_0 et_pb_text et_pb_bg_layout_light et_animated et_pb_module et_block_module\"><div class=\"et_pb_text_inner\"><h1>Contactez-nous<\/h1>\n<\/div><\/div><\/div><\/div><\/div><div class=\"et_pb_section_1 et_pb_section et_section_specialty et_pb_gutters3 et_block_section\"><div class=\"et_pb_row et_pb_row-3-4_1-4 et_block_row\"><div class=\"et_pb_column_1 et_pb_column et_pb_specialty_column et_pb_column_3_4 et_block_column et_pb_css_mix_blend_mode_passthrough\"><div class=\"et_pb_row_inner_0 et_pb_row_inner et_block_row\"><div class=\"et_pb_column_inner_0 et_pb_column_inner et_pb_column et_pb_column_3_8 et_block_column et_pb_css_mix_blend_mode_passthrough\"><div class=\"et_pb_contact_form_0 et_pb_contact_form_container clearfix et_pb_module et_flex_module\" data-form_unique_num=\"0\" data-form_unique_id=\"ff0f5d56-4e8e-47ab-bfe4-8b36d784da28\" id=\"et_pb_contact_form_0\"><div class=\"et-pb-contact-message\"><\/div><div class=\"et_pb_contact\"><form class=\"et_pb_contact_form et_flex_module\" method=\"post\" action=\"https:\/\/le-prieure.net\/fr\/wp-json\/wp\/v2\/pages\/2122\"><div class=\"et_pb_contact_field_0 et_pb_contact_field et_pb_module et_flex_module et_flex_column_24_24 et_flex_column_24_24_tablet et_flex_column_24_24_phone\" data-id=\"name\" data-type=\"input\"><label class=\"et_pb_contact_form_label\" for=\"et_pb_contact_0_name_0\">Nom<\/label><input type=\"text\" name=\"et_pb_contact_0_name_0\" id=\"et_pb_contact_0_name_0\" class=\"input\" data-required_mark=\"required\" data-field_type=\"input\" data-original_id=\"name\" placeholder=\"Nom\" title=\"\" value=\"\" \/><\/div><div class=\"et_pb_contact_field_1 et_pb_contact_field et_pb_module et_flex_module et_flex_column_24_24 et_flex_column_24_24_tablet et_flex_column_24_24_phone\" data-id=\"email\" data-type=\"email\"><label class=\"et_pb_contact_form_label\" for=\"et_pb_contact_0_email_1\">Adresse email<\/label><input type=\"text\" name=\"et_pb_contact_0_email_1\" id=\"et_pb_contact_0_email_1\" class=\"input\" data-required_mark=\"required\" data-field_type=\"email\" data-original_id=\"email\" placeholder=\"Adresse email\" title=\"\" value=\"\" \/><\/div><div class=\"et_pb_contact_field_2 et_pb_contact_field et_pb_module et_flex_module et_flex_column_24_24 et_flex_column_24_24_tablet et_flex_column_24_24_phone\" data-id=\"message\" data-type=\"text\"><label class=\"et_pb_contact_form_label\" for=\"et_pb_contact_0_message_2\">Message<\/label><textarea name=\"et_pb_contact_0_message_2\" id=\"et_pb_contact_0_message_2\" class=\"et_pb_contact_message input\" data-required_mark=\"required\" data-field_type=\"text\" data-original_id=\"message\" placeholder=\"Message\"><\/textarea><\/div><input type=\"hidden\" name=\"et_pb_contactform_submit_ff0f5d56-4e8e-47ab-bfe4-8b36d784da28\" value=\"et_contact_proccess\" \/><div class=\"et_contact_bottom_container\"><div class=\"et_pb_button_wrapper\"><button type=\"submit\" name=\"et_builder_submit_button\" class=\"et_pb_button et_pb_contact_submit\">Submit<\/button><\/div><\/div><input type=\"hidden\" id=\"_wpnonce-et-pb-contact-form-submitted-ff0f5d56-4e8e-47ab-bfe4-8b36d784da28\" name=\"_wpnonce-et-pb-contact-form-submitted-ff0f5d56-4e8e-47ab-bfe4-8b36d784da28\" value=\"ab0f7d24dd\" \/><input type=\"hidden\" name=\"_wp_http_referer\" value=\"\/fr\/wp-json\/wp\/v2\/pages\/2122\" \/><\/form><\/div><\/div><\/div><div class=\"et_pb_column_inner_1 et_pb_column_inner et_pb_column et_pb_column_3_8 et-last-child et_block_column et_pb_css_mix_blend_mode_passthrough\"><div class=\"et_pb_image_0 et_pb_image et_pb_module et_block_module\"><span class=\"et_pb_image_wrap\"><img loading=\"lazy\" decoding=\"async\" src=\"https:\/\/le-prieure.net\/wp-content\/uploads\/2023\/01\/IMG_6487.jpg\" width=\"2079\" height=\"1513\" srcset=\"https:\/\/le-prieure.net\/wp-content\/uploads\/2023\/01\/IMG_6487.jpg 2079w, https:\/\/le-prieure.net\/wp-content\/uploads\/2023\/01\/IMG_6487-1280x932.jpg 1280w, https:\/\/le-prieure.net\/wp-content\/uploads\/2023\/01\/IMG_6487-980x713.jpg 980w, https:\/\/le-prieure.net\/wp-content\/uploads\/2023\/01\/IMG_6487-480x349.jpg 480w\" sizes=\"(min-width: 0px) and (max-width: 480px) 480px, (min-width: 481px) and (max-width: 980px) 980px, (min-width: 981px) and (max-width: 1280px) 1280px, (min-width: 1281px) 2079px, 100vw\" class=\"wp-image-965\" title=\"IMG_6487\" \/><\/span><\/div><\/div><\/div><\/div><div class=\"et_pb_column_2 et_pb_column et_pb_column_single et_pb_column_1_4 et-last-child et_block_column et_pb_css_mix_blend_mode_passthrough\"><div class=\"et_pb_text_1 et_pb_text et_pb_bg_layout_light et_pb_module et_block_module\"><div class=\"et_pb_text_inner\"><h6>CONTACTEZ-NOUS<\/h6>\n<p><strong>Le Prieur\u00e9<\/strong><br \/>104, Route du Prieur\u00e9<br \/>46200 Cieurac Lanzac<br \/>France<\/p>\n<p><strong>GPS: 44\u00b053'25.01\"N \/ 1\u00b027'15.46\"E<\/strong><\/p>\n<p><em>Nous sommes \u00e0 7 km de l'A20<\/em><br \/><em>Gare 2 km\u00a0<\/em><br \/><em>A\u00e9roport Brive 15 km\u00a0<\/em><br \/><em>A\u00e9roport Bergerac 100 km<\/em><\/p>\n<\/div><\/div><\/div><\/div><\/div><div class=\"et_pb_section_2 et_pb_section et_section_regular et_block_section\"><div class=\"et_pb_row_1 et_pb_row et_pb_equal_columns et_block_row et_animated\" id=\"findus\"><div class=\"et_pb_column_3 et_pb_column et_pb_column_4_4 et-last-child et_block_column et_pb_css_mix_blend_mode_passthrough\"><div class=\"et_pb_text_2 et_pb_text et_pb_bg_layout_light et_pb_module et_block_module\"><div class=\"et_pb_text_inner\"><h2 style=\"text-align: center;\"><strong>O\u00f9 nous trouver<\/strong><\/h2>\n<\/div><\/div><div class=\"et_pb_map_0 et_pb_map_container et_clickable et_pb_module et_flex_module\" data-grayscale=\"0\"><div class=\"et_pb_map\" data-center-lat=\"44.8899734\" data-center-lng=\"1.4545838\" data-zoom=\"16\" data-mouse-wheel=\"off\" data-mobile-dragging=\"on\"><\/div><div class=\"et_pb_map_pin_0 et_pb_map_pin\" data-lat=\"37.7749295\" data-lng=\"-122.4194155\" data-title=\"\"><\/div><\/div><\/div><\/div><\/div>\n","protected":false},"excerpt":{"rendered":"","protected":false},"author":1,"featured_media":0,"parent":0,"menu_order":50,"comment_status":"closed","ping_status":"closed","template":"","meta":{"footnotes":""},"class_list":["post-2122","page","type-page","status-publish","hentry"],"yoast_head":"<!-- This site is optimized with the Yoast SEO plugin v27.3 - https:\/\/yoast.com\/product\/yoast-seo-wordpress\/ -->\n<title>Contact - Le Prieure<\/title>\n<meta name=\"robots\" content=\"index, follow, max-snippet:-1, max-image-preview:large, max-video-preview:-1\" \/>\n<link rel=\"canonical\" href=\"https:\/\/le-prieure.net\/fr\/contact\/\" \/>\n<meta property=\"og:locale\" content=\"fr_FR\" \/>\n<meta property=\"og:type\" content=\"article\" \/>\n<meta property=\"og:title\" content=\"Contact - Le Prieure\" \/>\n<meta property=\"og:url\" content=\"https:\/\/le-prieure.net\/fr\/contact\/\" \/>\n<meta property=\"og:site_name\" content=\"Le Prieure\" \/>\n<meta property=\"article:publisher\" content=\"http:\/\/www.facebook.com\/pages\/Le-Prieur\/121438661222347?ref=hl\" \/>\n<meta property=\"article:modified_time\" content=\"2026-04-01T14:21:28+00:00\" \/>\n<meta name=\"twitter:card\" content=\"summary_large_image\" \/>\n<meta name=\"twitter:site\" content=\"@leprieure1\" \/>\n<script type=\"application\/ld+json\" class=\"yoast-schema-graph\">{\"@context\":\"https:\\\/\\\/schema.org\",\"@graph\":[{\"@type\":\"WebPage\",\"@id\":\"https:\\\/\\\/le-prieure.net\\\/fr\\\/contact\\\/\",\"url\":\"https:\\\/\\\/le-prieure.net\\\/fr\\\/contact\\\/\",\"name\":\"Contact - Le Prieure\",\"isPartOf\":{\"@id\":\"https:\\\/\\\/le-prieure.net\\\/fr\\\/#website\"},\"datePublished\":\"2022-01-31T17:12:58+00:00\",\"dateModified\":\"2026-04-01T14:21:28+00:00\",\"breadcrumb\":{\"@id\":\"https:\\\/\\\/le-prieure.net\\\/fr\\\/contact\\\/#breadcrumb\"},\"inLanguage\":\"fr-FR\",\"potentialAction\":[{\"@type\":\"ReadAction\",\"target\":[\"https:\\\/\\\/le-prieure.net\\\/fr\\\/contact\\\/\"]}]},{\"@type\":\"BreadcrumbList\",\"@id\":\"https:\\\/\\\/le-prieure.net\\\/fr\\\/contact\\\/#breadcrumb\",\"itemListElement\":[{\"@type\":\"ListItem\",\"position\":1,\"name\":\"Home\",\"item\":\"https:\\\/\\\/le-prieure.net\\\/fr\\\/\"},{\"@type\":\"ListItem\",\"position\":2,\"name\":\"Contact\"}]},{\"@type\":\"WebSite\",\"@id\":\"https:\\\/\\\/le-prieure.net\\\/fr\\\/#website\",\"url\":\"https:\\\/\\\/le-prieure.net\\\/fr\\\/\",\"name\":\"Souillac Bed & Breakfast, Holiday Cottages, Gites, le Prieur\u00e9, Dordogne\",\"description\":\"Chambres d'h\u00f4tes et g\u00eetes dans le Lot \\\/ Dordogne France \",\"publisher\":{\"@id\":\"https:\\\/\\\/le-prieure.net\\\/fr\\\/#organization\"},\"potentialAction\":[{\"@type\":\"SearchAction\",\"target\":{\"@type\":\"EntryPoint\",\"urlTemplate\":\"https:\\\/\\\/le-prieure.net\\\/fr\\\/?s={search_term_string}\"},\"query-input\":{\"@type\":\"PropertyValueSpecification\",\"valueRequired\":true,\"valueName\":\"search_term_string\"}}],\"inLanguage\":\"fr-FR\"},{\"@type\":\"Organization\",\"@id\":\"https:\\\/\\\/le-prieure.net\\\/fr\\\/#organization\",\"name\":\"Le Prieur\u00e9\",\"url\":\"https:\\\/\\\/le-prieure.net\\\/fr\\\/\",\"logo\":{\"@type\":\"ImageObject\",\"inLanguage\":\"fr-FR\",\"@id\":\"https:\\\/\\\/le-prieure.net\\\/fr\\\/#\\\/schema\\\/logo\\\/image\\\/\",\"url\":\"https:\\\/\\\/le-prieure.net\\\/wp-content\\\/uploads\\\/2022\\\/01\\\/leprieure.gif\",\"contentUrl\":\"https:\\\/\\\/le-prieure.net\\\/wp-content\\\/uploads\\\/2022\\\/01\\\/leprieure.gif\",\"width\":341,\"height\":55,\"caption\":\"Le Prieur\u00e9\"},\"image\":{\"@id\":\"https:\\\/\\\/le-prieure.net\\\/fr\\\/#\\\/schema\\\/logo\\\/image\\\/\"},\"sameAs\":[\"http:\\\/\\\/www.facebook.com\\\/pages\\\/Le-Prieur\\\/121438661222347?ref=hl\",\"https:\\\/\\\/x.com\\\/leprieure1\",\"http:\\\/\\\/pinterest.com\\\/leprieure\\\/\"]}]}<\/script>\n<!-- \/ Yoast SEO plugin. -->","yoast_head_json":{"title":"Contact - Le Prieure","robots":{"index":"index","follow":"follow","max-snippet":"max-snippet:-1","max-image-preview":"max-image-preview:large","max-video-preview":"max-video-preview:-1"},"canonical":"https:\/\/le-prieure.net\/fr\/contact\/","og_locale":"fr_FR","og_type":"article","og_title":"Contact - Le Prieure","og_url":"https:\/\/le-prieure.net\/fr\/contact\/","og_site_name":"Le Prieure","article_publisher":"http:\/\/www.facebook.com\/pages\/Le-Prieur\/121438661222347?ref=hl","article_modified_time":"2026-04-01T14:21:28+00:00","twitter_card":"summary_large_image","twitter_site":"@leprieure1","schema":{"@context":"https:\/\/schema.org","@graph":[{"@type":"WebPage","@id":"https:\/\/le-prieure.net\/fr\/contact\/","url":"https:\/\/le-prieure.net\/fr\/contact\/","name":"Contact - Le Prieure","isPartOf":{"@id":"https:\/\/le-prieure.net\/fr\/#website"},"datePublished":"2022-01-31T17:12:58+00:00","dateModified":"2026-04-01T14:21:28+00:00","breadcrumb":{"@id":"https:\/\/le-prieure.net\/fr\/contact\/#breadcrumb"},"inLanguage":"fr-FR","potentialAction":[{"@type":"ReadAction","target":["https:\/\/le-prieure.net\/fr\/contact\/"]}]},{"@type":"BreadcrumbList","@id":"https:\/\/le-prieure.net\/fr\/contact\/#breadcrumb","itemListElement":[{"@type":"ListItem","position":1,"name":"Home","item":"https:\/\/le-prieure.net\/fr\/"},{"@type":"ListItem","position":2,"name":"Contact"}]},{"@type":"WebSite","@id":"https:\/\/le-prieure.net\/fr\/#website","url":"https:\/\/le-prieure.net\/fr\/","name":"Souillac Bed & Breakfast, Holiday Cottages, Gites, le Prieur\u00e9, Dordogne","description":"Chambres d'h\u00f4tes et g\u00eetes dans le Lot \/ Dordogne France ","publisher":{"@id":"https:\/\/le-prieure.net\/fr\/#organization"},"potentialAction":[{"@type":"SearchAction","target":{"@type":"EntryPoint","urlTemplate":"https:\/\/le-prieure.net\/fr\/?s={search_term_string}"},"query-input":{"@type":"PropertyValueSpecification","valueRequired":true,"valueName":"search_term_string"}}],"inLanguage":"fr-FR"},{"@type":"Organization","@id":"https:\/\/le-prieure.net\/fr\/#organization","name":"Le Prieur\u00e9","url":"https:\/\/le-prieure.net\/fr\/","logo":{"@type":"ImageObject","inLanguage":"fr-FR","@id":"https:\/\/le-prieure.net\/fr\/#\/schema\/logo\/image\/","url":"https:\/\/le-prieure.net\/wp-content\/uploads\/2022\/01\/leprieure.gif","contentUrl":"https:\/\/le-prieure.net\/wp-content\/uploads\/2022\/01\/leprieure.gif","width":341,"height":55,"caption":"Le Prieur\u00e9"},"image":{"@id":"https:\/\/le-prieure.net\/fr\/#\/schema\/logo\/image\/"},"sameAs":["http:\/\/www.facebook.com\/pages\/Le-Prieur\/121438661222347?ref=hl","https:\/\/x.com\/leprieure1","http:\/\/pinterest.com\/leprieure\/"]}]}},"_links":{"self":[{"href":"https:\/\/le-prieure.net\/fr\/wp-json\/wp\/v2\/pages\/2122","targetHints":{"allow":["GET"]}}],"collection":[{"href":"https:\/\/le-prieure.net\/fr\/wp-json\/wp\/v2\/pages"}],"about":[{"href":"https:\/\/le-prieure.net\/fr\/wp-json\/wp\/v2\/types\/page"}],"author":[{"embeddable":true,"href":"https:\/\/le-prieure.net\/fr\/wp-json\/wp\/v2\/users\/1"}],"replies":[{"embeddable":true,"href":"https:\/\/le-prieure.net\/fr\/wp-json\/wp\/v2\/comments?post=2122"}],"version-history":[{"count":3,"href":"https:\/\/le-prieure.net\/fr\/wp-json\/wp\/v2\/pages\/2122\/revisions"}],"predecessor-version":[{"id":10695,"href":"https:\/\/le-prieure.net\/fr\/wp-json\/wp\/v2\/pages\/2122\/revisions\/10695"}],"wp:attachment":[{"href":"https:\/\/le-prieure.net\/fr\/wp-json\/wp\/v2\/media?parent=2122"}],"curies":[{"name":"wp","href":"https:\/\/api.w.org\/{rel}","templated":true}]}}