{"id":2637,"date":"2022-01-31T17:13:57","date_gmt":"2022-01-31T17:13:57","guid":{"rendered":"https:\/\/le-prieure.net\/over-ons\/"},"modified":"2026-04-01T14:25:23","modified_gmt":"2026-04-01T14:25:23","slug":"over-ons","status":"publish","type":"page","link":"https:\/\/le-prieure.net\/nl\/over-ons\/","title":{"rendered":"Over ons"},"content":{"rendered":"\n<div class=\"et_pb_section_0 et_pb_section et_section_regular et_block_section\"><div class=\"et_pb_row_0 et_pb_row et_block_row\"><div class=\"et_pb_column_0 et_pb_column et_pb_column_4_4 et-last-child et_block_column et_pb_css_mix_blend_mode_passthrough\"><div class=\"et_pb_text_0 et_pb_text et_pb_bg_layout_light et_animated et_pb_module et_block_module\"><div class=\"et_pb_text_inner\"><h5>Kennis maken<\/h5>\n<h1>Over ons<br \/>&amp; ons huis<\/h1>\n<\/div><\/div><\/div><\/div><\/div><div class=\"et_pb_section_1 et_pb_section et_section_regular et_block_section\"><div class=\"et_pb_row_1 et_pb_row et_block_row\"><div class=\"et_pb_column_1 et_pb_column et_pb_column_4_4 et-last-child et_block_column et_pb_css_mix_blend_mode_passthrough\"><div class=\"et_pb_text_1 et_pb_text et_pb_bg_layout_light et_pb_module et_block_module et_pb_text_align_center\"><div class=\"et_pb_text_inner\"><h2>Geschiedenis<\/h2>\n<\/div><\/div><\/div><\/div><div class=\"et_pb_row_2 et_pb_row et_block_row\"><div class=\"et_pb_column_2 et_pb_column et_pb_column_1_2 et_block_column et_pb_css_mix_blend_mode_passthrough\"><div class=\"et_pb_text_2 et_pb_text et_pb_bg_layout_light et_pb_module et_block_module\"><div class=\"et_pb_text_inner\"><p><em>Toen we in april 2001 voor die imposante gevel van Le Prieur\u00e9 stonden, waren we meteen overtuigd.<\/em><\/p>\n<p><em>Het was liefde op het eerste gezicht, hoewel we ook konden zien, dat de tijd zijn sporen had nagelaten en het geheel veel werk nodig had. Uiteindelijk is het ons gelukt om er een plek van te maken waar onze gasten kunnen genieten van de rust, ruimte en schoonheid die Le Prieur\u00e9 te bieden heeft.<\/em><\/p>\n<p><em>Wij houden van de ruimte, de rust en het leven in Frankrijk.Samen met onze twee honden Yara en Bliss, onze katten Siem en Soofie en ons bejaarde paard Tim genieten we elke dag van dit alles.<\/em><\/p>\n<\/div><\/div><\/div><div class=\"et_pb_column_3 et_pb_column et_pb_column_1_2 et-last-child et_block_column et_pb_css_mix_blend_mode_passthrough\"><div class=\"et_pb_image_0 et_pb_image et_pb_module et_block_module\"><span class=\"et_pb_image_wrap\"><img loading=\"lazy\" decoding=\"async\" src=\"https:\/\/le-prieure.net\/wp-content\/uploads\/2023\/01\/saskia-and-martin-landman-owners-le-prieure.jpg\" width=\"750\" height=\"500\" srcset=\"https:\/\/le-prieure.net\/wp-content\/uploads\/2023\/01\/saskia-and-martin-landman-owners-le-prieure.jpg 750w, https:\/\/le-prieure.net\/wp-content\/uploads\/2023\/01\/saskia-and-martin-landman-owners-le-prieure-480x320.jpg 480w\" sizes=\"(min-width: 0px) and (max-width: 480px) 480px, (min-width: 481px) 750px, 100vw\" class=\"wp-image-1636\" title=\"about-L1-0-w750\" \/><\/span><\/div><\/div><\/div><\/div><div class=\"et_pb_section_2 et_pb_section et_section_regular et_block_section\"><div class=\"et_pb_row_3 et_pb_row et_pb_row_1-2_1-6_1-6_1-6 et_block_row et_block_row_1-2_1-6_1-6_1-6\"><div class=\"et_pb_column_4 et_pb_column et_pb_column_1_2 et_block_column et_pb_css_mix_blend_mode_passthrough\"><div class=\"et_pb_text_3 et_pb_text et_pb_bg_layout_dark et_pb_module et_block_module\"><div class=\"et_pb_text_inner\"><h2>Accommodaties & uw verblijf<\/h2>\n<\/div><\/div><\/div><div class=\"et_pb_column_5 et_pb_column et_pb_column_1_6 et_block_column et_pb_css_mix_blend_mode_passthrough\"><div class=\"et_pb_number_counter_0 et_pb_number_counter et_pb_bg_layout_dark et_pb_text_align_center et_pb_with_title et_pb_module et_block_module\"><div class=\"percent\"><p><span class=\"percent-value\"><\/span><span class=\"percent-sign\"><\/span><\/p><\/div><h3 class=\"title\">Kamers<\/h3><\/div><\/div><div class=\"et_pb_column_6 et_pb_column et_pb_column_1_6 et_block_column et_pb_css_mix_blend_mode_passthrough\"><div class=\"et_pb_number_counter_1 et_pb_number_counter et_pb_bg_layout_dark et_pb_text_align_center et_pb_with_title et_pb_module et_block_module\"><div class=\"percent\"><p><span class=\"percent-value\"><\/span><span class=\"percent-sign\"><\/span><\/p><\/div><h3 class=\"title\">G\u00eetes<\/h3><\/div><\/div><div class=\"et_pb_column_7 et_pb_column et_pb_column_1_6 et-last-child et_block_column et_pb_css_mix_blend_mode_passthrough\"><div class=\"et_pb_number_counter_2 et_pb_number_counter et_pb_bg_layout_dark et_pb_text_align_center et_pb_with_title et_pb_module et_block_module\"><div class=\"percent\"><p><span class=\"percent-value\"><\/span><span class=\"percent-sign\"><\/span><\/p><\/div><h3 class=\"title\">Gasten<\/h3><\/div><\/div><\/div><\/div><div class=\"et_pb_section_3 et_pb_section et_section_regular et_block_section\"><div class=\"et_pb_row_4 et_pb_row et_block_row\"><div class=\"et_pb_column_8 et_pb_column et_pb_column_4_4 et-last-child et_block_column et_pb_css_mix_blend_mode_passthrough\"><div class=\"et_pb_text_4 et_pb_text et_pb_bg_layout_light et_pb_module et_block_module et_pb_text_align_center\"><div class=\"et_pb_text_inner\"><h3><strong>Ervaar de rust van ons kleine paradijs<\/strong><\/h3>\n<p>De drie volledig uitgeruste <a href=\"https:\/\/le-prieure.net\/nl\/gites\/\"><b>vakantiehuizen<\/b><\/a> liggen tussen de bloemperken in de tuin.\u00a0<a href=\"https:\/\/le-prieure.net\/nl\/gites\/la-ferme\"><b>La Ferme <\/b><\/a>is het oudste gebouw in <strong>Le Prieur\u00e9<\/strong>, deze zelfstandige g\u00eete biedt directe toegang tot de kapel en een luxe hoofdslaapkamer. <a href=\"https:\/\/le-prieure.net\/nl\/gites\/atelier\"><b>L'Atelier<\/b><\/a> heeft een eigen terras en uitzicht op de binnenplaats.\u00a0<a href=\"https:\/\/le-prieure.net\/nl\/gites\/le-pavillon\"><b>Le Pavillon<\/b><\/a> is een gezellig vakantiehuis met een volledig uitgeruste keuken en een terras in de schaduw van twee vijgenbomen.<\/p>\n<p>Het hoofdgebouw biedt\u00a0<strong>vier ruime en unieke <\/strong><a href=\"https:\/\/le-prieure.net\/nl\/kamers\/\"><b>vakantie gastenkamers<\/b><\/a>. Elke kamer bij\u00a0<strong>Le Prieur\u00e9's<\/strong>\u00a0<b>bed and breakfast<\/b> heeft een onderscheidend karakter. Ze bieden \u00e9\u00e9n vakantiekamer met een eigen bad en een groot priv\u00e9terras en drie gastenkamers met een eigen bad.<\/p>\n<p>Om uit eten te gaan zijn er tal van mogelijkheden in de Dordogne, vooral in Souillac en de omliggende plaatsen Sarlat, Domme, Beynac en het kloosterstadje Rocamadour.<\/p>\n<\/div><\/div><\/div><\/div><\/div>\n","protected":false},"excerpt":{"rendered":"","protected":false},"author":1,"featured_media":0,"parent":0,"menu_order":60,"comment_status":"closed","ping_status":"closed","template":"","meta":{"footnotes":""},"class_list":["post-2637","page","type-page","status-publish","hentry"],"yoast_head":"<!-- This site is optimized with the Yoast SEO plugin v27.4 - https:\/\/yoast.com\/product\/yoast-seo-wordpress\/ -->\n<title>Over ons - Le Prieure<\/title>\n<meta name=\"robots\" content=\"index, follow, max-snippet:-1, max-image-preview:large, max-video-preview:-1\" \/>\n<link rel=\"canonical\" href=\"https:\/\/le-prieure.net\/nl\/over-ons\/\" \/>\n<meta property=\"og:locale\" content=\"nl_NL\" \/>\n<meta property=\"og:type\" content=\"article\" \/>\n<meta property=\"og:title\" content=\"Over ons - Le Prieure\" \/>\n<meta property=\"og:url\" content=\"https:\/\/le-prieure.net\/nl\/over-ons\/\" \/>\n<meta property=\"og:site_name\" content=\"Le Prieure\" \/>\n<meta property=\"article:publisher\" content=\"http:\/\/www.facebook.com\/pages\/Le-Prieur\/121438661222347?ref=hl\" \/>\n<meta property=\"article:modified_time\" content=\"2026-04-01T14:25:23+00:00\" \/>\n<meta name=\"twitter:card\" content=\"summary_large_image\" \/>\n<meta name=\"twitter:site\" content=\"@leprieure1\" \/>\n<script type=\"application\/ld+json\" class=\"yoast-schema-graph\">{\"@context\":\"https:\\\/\\\/schema.org\",\"@graph\":[{\"@type\":\"WebPage\",\"@id\":\"https:\\\/\\\/le-prieure.net\\\/nl\\\/over-ons\\\/\",\"url\":\"https:\\\/\\\/le-prieure.net\\\/nl\\\/over-ons\\\/\",\"name\":\"Over ons - Le Prieure\",\"isPartOf\":{\"@id\":\"https:\\\/\\\/le-prieure.net\\\/nl\\\/#website\"},\"datePublished\":\"2022-01-31T17:13:57+00:00\",\"dateModified\":\"2026-04-01T14:25:23+00:00\",\"breadcrumb\":{\"@id\":\"https:\\\/\\\/le-prieure.net\\\/nl\\\/over-ons\\\/#breadcrumb\"},\"inLanguage\":\"nl-NL\",\"potentialAction\":[{\"@type\":\"ReadAction\",\"target\":[\"https:\\\/\\\/le-prieure.net\\\/nl\\\/over-ons\\\/\"]}]},{\"@type\":\"BreadcrumbList\",\"@id\":\"https:\\\/\\\/le-prieure.net\\\/nl\\\/over-ons\\\/#breadcrumb\",\"itemListElement\":[{\"@type\":\"ListItem\",\"position\":1,\"name\":\"Home\",\"item\":\"https:\\\/\\\/le-prieure.net\\\/nl\\\/\"},{\"@type\":\"ListItem\",\"position\":2,\"name\":\"Over ons\"}]},{\"@type\":\"WebSite\",\"@id\":\"https:\\\/\\\/le-prieure.net\\\/nl\\\/#website\",\"url\":\"https:\\\/\\\/le-prieure.net\\\/nl\\\/\",\"name\":\"Souillac Bed & Breakfast, Holiday Cottages, Gites, le Prieur\u00e9, Dordogne\",\"description\":\"Bed & Breakfast en vakantiewoningen in Lot \\\/ Dordogne Frankrijk \",\"publisher\":{\"@id\":\"https:\\\/\\\/le-prieure.net\\\/nl\\\/#organization\"},\"potentialAction\":[{\"@type\":\"SearchAction\",\"target\":{\"@type\":\"EntryPoint\",\"urlTemplate\":\"https:\\\/\\\/le-prieure.net\\\/nl\\\/?s={search_term_string}\"},\"query-input\":{\"@type\":\"PropertyValueSpecification\",\"valueRequired\":true,\"valueName\":\"search_term_string\"}}],\"inLanguage\":\"nl-NL\"},{\"@type\":\"Organization\",\"@id\":\"https:\\\/\\\/le-prieure.net\\\/nl\\\/#organization\",\"name\":\"Le Prieur\u00e9\",\"url\":\"https:\\\/\\\/le-prieure.net\\\/nl\\\/\",\"logo\":{\"@type\":\"ImageObject\",\"inLanguage\":\"nl-NL\",\"@id\":\"https:\\\/\\\/le-prieure.net\\\/nl\\\/#\\\/schema\\\/logo\\\/image\\\/\",\"url\":\"https:\\\/\\\/le-prieure.net\\\/wp-content\\\/uploads\\\/2022\\\/01\\\/leprieure.gif\",\"contentUrl\":\"https:\\\/\\\/le-prieure.net\\\/wp-content\\\/uploads\\\/2022\\\/01\\\/leprieure.gif\",\"width\":341,\"height\":55,\"caption\":\"Le Prieur\u00e9\"},\"image\":{\"@id\":\"https:\\\/\\\/le-prieure.net\\\/nl\\\/#\\\/schema\\\/logo\\\/image\\\/\"},\"sameAs\":[\"http:\\\/\\\/www.facebook.com\\\/pages\\\/Le-Prieur\\\/121438661222347?ref=hl\",\"https:\\\/\\\/x.com\\\/leprieure1\",\"http:\\\/\\\/pinterest.com\\\/leprieure\\\/\"]}]}<\/script>\n<!-- \/ Yoast SEO plugin. -->","yoast_head_json":{"title":"Over ons - Le Prieure","robots":{"index":"index","follow":"follow","max-snippet":"max-snippet:-1","max-image-preview":"max-image-preview:large","max-video-preview":"max-video-preview:-1"},"canonical":"https:\/\/le-prieure.net\/nl\/over-ons\/","og_locale":"nl_NL","og_type":"article","og_title":"Over ons - Le Prieure","og_url":"https:\/\/le-prieure.net\/nl\/over-ons\/","og_site_name":"Le Prieure","article_publisher":"http:\/\/www.facebook.com\/pages\/Le-Prieur\/121438661222347?ref=hl","article_modified_time":"2026-04-01T14:25:23+00:00","twitter_card":"summary_large_image","twitter_site":"@leprieure1","schema":{"@context":"https:\/\/schema.org","@graph":[{"@type":"WebPage","@id":"https:\/\/le-prieure.net\/nl\/over-ons\/","url":"https:\/\/le-prieure.net\/nl\/over-ons\/","name":"Over ons - Le Prieure","isPartOf":{"@id":"https:\/\/le-prieure.net\/nl\/#website"},"datePublished":"2022-01-31T17:13:57+00:00","dateModified":"2026-04-01T14:25:23+00:00","breadcrumb":{"@id":"https:\/\/le-prieure.net\/nl\/over-ons\/#breadcrumb"},"inLanguage":"nl-NL","potentialAction":[{"@type":"ReadAction","target":["https:\/\/le-prieure.net\/nl\/over-ons\/"]}]},{"@type":"BreadcrumbList","@id":"https:\/\/le-prieure.net\/nl\/over-ons\/#breadcrumb","itemListElement":[{"@type":"ListItem","position":1,"name":"Home","item":"https:\/\/le-prieure.net\/nl\/"},{"@type":"ListItem","position":2,"name":"Over ons"}]},{"@type":"WebSite","@id":"https:\/\/le-prieure.net\/nl\/#website","url":"https:\/\/le-prieure.net\/nl\/","name":"Souillac Bed & Breakfast, Holiday Cottages, Gites, le Prieur\u00e9, Dordogne","description":"Bed & Breakfast en vakantiewoningen in Lot \/ Dordogne Frankrijk ","publisher":{"@id":"https:\/\/le-prieure.net\/nl\/#organization"},"potentialAction":[{"@type":"SearchAction","target":{"@type":"EntryPoint","urlTemplate":"https:\/\/le-prieure.net\/nl\/?s={search_term_string}"},"query-input":{"@type":"PropertyValueSpecification","valueRequired":true,"valueName":"search_term_string"}}],"inLanguage":"nl-NL"},{"@type":"Organization","@id":"https:\/\/le-prieure.net\/nl\/#organization","name":"Le Prieur\u00e9","url":"https:\/\/le-prieure.net\/nl\/","logo":{"@type":"ImageObject","inLanguage":"nl-NL","@id":"https:\/\/le-prieure.net\/nl\/#\/schema\/logo\/image\/","url":"https:\/\/le-prieure.net\/wp-content\/uploads\/2022\/01\/leprieure.gif","contentUrl":"https:\/\/le-prieure.net\/wp-content\/uploads\/2022\/01\/leprieure.gif","width":341,"height":55,"caption":"Le Prieur\u00e9"},"image":{"@id":"https:\/\/le-prieure.net\/nl\/#\/schema\/logo\/image\/"},"sameAs":["http:\/\/www.facebook.com\/pages\/Le-Prieur\/121438661222347?ref=hl","https:\/\/x.com\/leprieure1","http:\/\/pinterest.com\/leprieure\/"]}]}},"_links":{"self":[{"href":"https:\/\/le-prieure.net\/nl\/wp-json\/wp\/v2\/pages\/2637","targetHints":{"allow":["GET"]}}],"collection":[{"href":"https:\/\/le-prieure.net\/nl\/wp-json\/wp\/v2\/pages"}],"about":[{"href":"https:\/\/le-prieure.net\/nl\/wp-json\/wp\/v2\/types\/page"}],"author":[{"embeddable":true,"href":"https:\/\/le-prieure.net\/nl\/wp-json\/wp\/v2\/users\/1"}],"replies":[{"embeddable":true,"href":"https:\/\/le-prieure.net\/nl\/wp-json\/wp\/v2\/comments?post=2637"}],"version-history":[{"count":1,"href":"https:\/\/le-prieure.net\/nl\/wp-json\/wp\/v2\/pages\/2637\/revisions"}],"predecessor-version":[{"id":10681,"href":"https:\/\/le-prieure.net\/nl\/wp-json\/wp\/v2\/pages\/2637\/revisions\/10681"}],"wp:attachment":[{"href":"https:\/\/le-prieure.net\/nl\/wp-json\/wp\/v2\/media?parent=2637"}],"curies":[{"name":"wp","href":"https:\/\/api.w.org\/{rel}","templated":true}]}}